{"id":6437,"date":"2022-06-07T22:46:10","date_gmt":"2022-06-07T17:46:10","guid":{"rendered":"https:\/\/interpreter.uz\/?page_id=6437"},"modified":"2022-06-25T19:37:35","modified_gmt":"2022-06-25T14:37:35","slug":"interpretation-a-distance","status":"publish","type":"page","link":"https:\/\/interpreter.uz\/fr\/services\/interpretariat\/interpretation-a-distance\/","title":{"rendered":"Interpretation \u00e0 distance"},"content":{"rendered":"<style>#kt-layout-id_7182ac-06 > .kt-row-column-wrap{align-content:center;}:where(#kt-layout-id_7182ac-06 > .kt-row-column-wrap) > .wp-block-kadence-column{justify-content:center;}#kt-layout-id_7182ac-06 > .kt-row-column-wrap{column-gap:var(--global-kb-gap-md, 2rem);row-gap:var(--global-kb-gap-md, 2rem);padding-top:var( --global-kb-row-default-top, 25px );padding-bottom:var( --global-kb-row-default-bottom, 25px );padding-top:100px;padding-bottom:100px;min-height:500px;grid-template-columns:minmax(0, 1fr);}#kt-layout-id_7182ac-06{background-image:url('https:\/\/interpreter.uz\/wp-content\/uploads\/2022\/01\/zoom-meeting-interpreting-scaled.webp');background-size:cover;background-position:52% 36%;background-attachment:scroll;background-repeat:no-repeat;}#kt-layout-id_7182ac-06 > .kt-row-layout-overlay{opacity:0.40;background-color:var(--global-palette3, #1A202C);mix-blend-mode:normal;}@media all and (max-width: 1024px){#kt-layout-id_7182ac-06 > .kt-row-column-wrap{grid-template-columns:minmax(0, 1fr);}}@media all and (max-width: 767px){#kt-layout-id_7182ac-06 > .kt-row-column-wrap{grid-template-columns:minmax(0, 1fr);}}<\/style>\n<div class=\"wp-block-kadence-rowlayout alignnone\"><div id=\"kt-layout-id_7182ac-06\" class=\"kt-row-layout-inner kt-row-has-bg kt-layout-id_7182ac-06\"><div class=\"kt-row-layout-overlay kt-row-overlay-normal\"><\/div><div class=\"kt-row-column-wrap kt-has-1-columns kt-gutter-default kt-v-gutter-default kt-row-valign-middle kt-row-layout-equal kt-tab-layout-inherit kt-m-colapse-left-to-right kt-mobile-layout-row\"><style>.kadence-column_4d51d0-ea > .kt-inside-inner-col{border-top-width:0px;border-right-width:0px;border-bottom-width:0px;border-left-width:0px;}.kadence-column_4d51d0-ea > .kt-inside-inner-col,.kadence-column_4d51d0-ea > .kt-inside-inner-col:before{border-top-left-radius:0px;border-top-right-radius:0px;border-bottom-right-radius:0px;border-bottom-left-radius:0px;}.kadence-column_4d51d0-ea > .kt-inside-inner-col{column-gap:var(--global-kb-gap-sm, 1rem);}.kadence-column_4d51d0-ea > .kt-inside-inner-col{flex-direction:column;}.kadence-column_4d51d0-ea > .kt-inside-inner-col > .aligncenter{width:100%;}.kadence-column_4d51d0-ea > .kt-inside-inner-col:before{opacity:0.3;}.kadence-column_4d51d0-ea{position:relative;}@media all and (max-width: 1024px){.kadence-column_4d51d0-ea > .kt-inside-inner-col{flex-direction:column;justify-content:center;}}@media all and (max-width: 767px){.kadence-column_4d51d0-ea > .kt-inside-inner-col{flex-direction:column;justify-content:center;}}<\/style>\n<div class=\"wp-block-kadence-column inner-column-1 kadence-column_4d51d0-ea\"><div class=\"kt-inside-inner-col\"><style>.wp-block-kadence-advancedheading.kt-adv-heading_4c3319-21, .wp-block-kadence-advancedheading.kt-adv-heading_4c3319-21[data-kb-block=\"kb-adv-heading_4c3319-21\"]{text-align:center;font-size:3.5em;line-height:1.5em;font-style:normal;color:#fff;}.wp-block-kadence-advancedheading.kt-adv-heading_4c3319-21 mark.kt-highlight, .wp-block-kadence-advancedheading.kt-adv-heading_4c3319-21[data-kb-block=\"kb-adv-heading_4c3319-21\"] mark.kt-highlight{font-style:normal;color:#f76a0c;-webkit-box-decoration-break:clone;box-decoration-break:clone;padding-top:0px;padding-right:0px;padding-bottom:0px;padding-left:0px;}.wp-block-kadence-advancedheading.kt-adv-heading_4c3319-21 img.kb-inline-image, .wp-block-kadence-advancedheading.kt-adv-heading_4c3319-21[data-kb-block=\"kb-adv-heading_4c3319-21\"] img.kb-inline-image{width:150px;vertical-align:baseline;}@media all and (max-width: 767px){.wp-block-kadence-advancedheading.kt-adv-heading_4c3319-21, .wp-block-kadence-advancedheading.kt-adv-heading_4c3319-21[data-kb-block=\"kb-adv-heading_4c3319-21\"]{font-size:2.8em;}}<\/style>\n<h1 class=\"kt-adv-heading_4c3319-21 wp-block-kadence-advancedheading\" data-kb-block=\"kb-adv-heading_4c3319-21\">Interpretation \u00e0 distance (Zoom)<\/h1>\n\n\n<style>.wp-block-kadence-advancedheading.kt-adv-heading_80eae7-ca, .wp-block-kadence-advancedheading.kt-adv-heading_80eae7-ca[data-kb-block=\"kb-adv-heading_80eae7-ca\"]{text-align:center;font-style:normal;}.wp-block-kadence-advancedheading.kt-adv-heading_80eae7-ca mark.kt-highlight, .wp-block-kadence-advancedheading.kt-adv-heading_80eae7-ca[data-kb-block=\"kb-adv-heading_80eae7-ca\"] mark.kt-highlight{font-style:normal;color:#f76a0c;-webkit-box-decoration-break:clone;box-decoration-break:clone;padding-top:0px;padding-right:0px;padding-bottom:0px;padding-left:0px;}.wp-block-kadence-advancedheading.kt-adv-heading_80eae7-ca img.kb-inline-image, .wp-block-kadence-advancedheading.kt-adv-heading_80eae7-ca[data-kb-block=\"kb-adv-heading_80eae7-ca\"] img.kb-inline-image{width:150px;vertical-align:baseline;}<\/style>\n<p class=\"kt-adv-heading_80eae7-ca wp-block-kadence-advancedheading has-theme-palette-9-color has-text-color\" data-kb-block=\"kb-adv-heading_80eae7-ca\">Interpretation \u00e0 distance (Zoom)  \u00e0 Tachkent<\/p>\n\n\n<style>.wp-block-kadence-advancedbtn.kb-btns_330579-85{gap:var(--global-kb-gap-xs, 0.5rem );justify-content:center;align-items:center;}.kt-btns_330579-85 .kt-button{font-weight:normal;font-style:normal;}.wp-block-kadence-advancedbtn.kt-btns_330579-85 .kt-btn-wrap-0 .kt-button{color:#fff;font-size:18px;background:transparent;border-color:#fff;border-style:solid;}.wp-block-kadence-advancedbtn.kt-btns_330579-85 .kt-btn-wrap-0 .kt-button:hover, .wp-block-kadence-advancedbtn.kt-btns_330579-85 .kt-btn-wrap-0 .kt-button:focus{color:#fff;border-color:#008c9e;}.wp-block-kadence-advancedbtn.kt-btns_330579-85 .kt-btn-wrap-0 .kt-button::before{display:none;}.wp-block-kadence-advancedbtn.kt-btns_330579-85 .kt-btn-wrap-0 .kt-button:hover, .wp-block-kadence-advancedbtn.kt-btns_330579-85 .kt-btn-wrap-0 .kt-button:focus{background:#008c9e;}<\/style>\n<div class=\"wp-block-kadence-advancedbtn kt-btn-align-center kt-btn-tablet-align-inherit kt-btn-mobile-align-inherit kt-btns-wrap kt-btns_330579-85\"><div class=\"kt-btn-wrap kt-btn-wrap-0\"><a class=\"kt-button button kt-btn-0-action kt-btn-size-custom kt-btn-style-basic kt-btn-svg-show-always kt-btn-has-text-true kt-btn-has-svg-false\" href=\"https:\/\/interpreter.uz\/en\/contact-us\/\" style=\"border-radius:3px;border-width:2px\"><span class=\"kt-btn-inner-text\">\u0421\u0432\u044f\u0437\u0430\u0442\u044c\u0441\u044f<\/span><\/a><\/div><\/div>\n<\/div><\/div>\n<\/div><\/div><\/div>\n\n\n<style>#kt-layout-id_739f14-b4 > .kt-row-column-wrap{align-content:start;}:where(#kt-layout-id_739f14-b4 > .kt-row-column-wrap) > .wp-block-kadence-column{justify-content:start;}#kt-layout-id_739f14-b4 > .kt-row-column-wrap{column-gap:var(--global-kb-gap-md, 2rem);row-gap:var(--global-kb-gap-md, 2rem);max-width:var( --global-content-width, 1290px );padding-left:var(--global-content-edge-padding);padding-right:var(--global-content-edge-padding);padding-top:var( --global-kb-row-default-top, 25px );padding-bottom:var( --global-kb-row-default-bottom, 25px );padding-top:75px;padding-bottom:75px;padding-left:25px;padding-right:25px;grid-template-columns:minmax(0, 1fr);}#kt-layout-id_739f14-b4 > .kt-row-layout-overlay{opacity:0.30;}@media all and (max-width: 1024px){#kt-layout-id_739f14-b4 > .kt-row-column-wrap{grid-template-columns:minmax(0, 1fr);}}@media all and (max-width: 767px){#kt-layout-id_739f14-b4 > .kt-row-column-wrap{grid-template-columns:minmax(0, 1fr);}}<\/style>\n<div class=\"wp-block-kadence-rowlayout alignnone\"><div id=\"kt-layout-id_739f14-b4\" class=\"kt-row-layout-inner kt-layout-id_739f14-b4\"><div class=\"kt-row-column-wrap kt-has-1-columns kt-gutter-default kt-v-gutter-default kt-row-valign-top kt-row-layout-equal kt-tab-layout-inherit kt-m-colapse-left-to-right kt-mobile-layout-row kb-theme-content-width\"><style>.kadence-column_467302-91 > .kt-inside-inner-col{border-top-width:0px;border-right-width:0px;border-bottom-width:0px;border-left-width:0px;}.kadence-column_467302-91 > .kt-inside-inner-col,.kadence-column_467302-91 > .kt-inside-inner-col:before{border-top-left-radius:0px;border-top-right-radius:0px;border-bottom-right-radius:0px;border-bottom-left-radius:0px;}.kadence-column_467302-91 > .kt-inside-inner-col{column-gap:var(--global-kb-gap-sm, 1rem);}.kadence-column_467302-91 > .kt-inside-inner-col{flex-direction:column;}.kadence-column_467302-91 > .kt-inside-inner-col > .aligncenter{width:100%;}.kadence-column_467302-91 > .kt-inside-inner-col:before{opacity:0.3;}.kadence-column_467302-91{position:relative;}@media all and (max-width: 1024px){.kadence-column_467302-91 > .kt-inside-inner-col{flex-direction:column;justify-content:center;}}@media all and (max-width: 767px){.kadence-column_467302-91 > .kt-inside-inner-col{flex-direction:column;justify-content:center;}}<\/style>\n<div class=\"wp-block-kadence-column inner-column-1 kadence-column_467302-91\"><div class=\"kt-inside-inner-col\"><style>.wp-block-kadence-advancedheading.kt-adv-heading_40e73d-09, .wp-block-kadence-advancedheading.kt-adv-heading_40e73d-09[data-kb-block=\"kb-adv-heading_40e73d-09\"]{font-style:normal;}.wp-block-kadence-advancedheading.kt-adv-heading_40e73d-09 mark.kt-highlight, .wp-block-kadence-advancedheading.kt-adv-heading_40e73d-09[data-kb-block=\"kb-adv-heading_40e73d-09\"] mark.kt-highlight{font-style:normal;color:#f76a0c;-webkit-box-decoration-break:clone;box-decoration-break:clone;padding-top:0px;padding-right:0px;padding-bottom:0px;padding-left:0px;}.wp-block-kadence-advancedheading.kt-adv-heading_40e73d-09 img.kb-inline-image, .wp-block-kadence-advancedheading.kt-adv-heading_40e73d-09[data-kb-block=\"kb-adv-heading_40e73d-09\"] img.kb-inline-image{width:150px;vertical-align:baseline;}<\/style>\n<h2 class=\"kt-adv-heading_40e73d-09 wp-block-kadence-advancedheading\" data-kb-block=\"kb-adv-heading_40e73d-09\"><strong> Interpretation \u00e0 distance (Zoom) <\/strong><\/h2>\n\n\n<style>.wp-block-kadence-advancedheading.kt-adv-heading_9f850a-76, .wp-block-kadence-advancedheading.kt-adv-heading_9f850a-76[data-kb-block=\"kb-adv-heading_9f850a-76\"]{font-style:normal;}.wp-block-kadence-advancedheading.kt-adv-heading_9f850a-76 mark.kt-highlight, .wp-block-kadence-advancedheading.kt-adv-heading_9f850a-76[data-kb-block=\"kb-adv-heading_9f850a-76\"] mark.kt-highlight{font-style:normal;color:#f76a0c;-webkit-box-decoration-break:clone;box-decoration-break:clone;padding-top:0px;padding-right:0px;padding-bottom:0px;padding-left:0px;}.wp-block-kadence-advancedheading.kt-adv-heading_9f850a-76 img.kb-inline-image, .wp-block-kadence-advancedheading.kt-adv-heading_9f850a-76[data-kb-block=\"kb-adv-heading_9f850a-76\"] img.kb-inline-image{width:150px;vertical-align:baseline;}<\/style>\n<p class=\"kt-adv-heading_9f850a-76 wp-block-kadence-advancedheading\" data-kb-block=\"kb-adv-heading_9f850a-76\">\u041fGr\u00e2ce \u00e0 des applications telles que Zoom ou Skype il est devenu possible de fournir des services d&rsquo;interpr\u00e9tation \u00e0 distance en temps r\u00e9el. Ces plates-formes populaires de communication vid\u00e9o \u00e0 distance et de r\u00e9unions virtuelles sont devenues la meilleure alternative \u00e0 l&rsquo;interpr\u00e9tation sur place, permettant aux clients de profiter \u00e0 distance de services de traduction professionnels de haute qualit\u00e9, tout en r\u00e9duisant consid\u00e9rablement le co\u00fbt des services de traduction..<\/p>\n<\/div><\/div>\n<\/div><\/div><\/div>\n","protected":false},"excerpt":{"rendered":"<p>Interpretation \u00e0 distance (Zoom) Interpretation \u00e0 distance (Zoom) \u00e0 Tachkent Interpretation \u00e0 distance (Zoom) \u041fGr\u00e2ce \u00e0 des applications telles que Zoom ou Skype il est devenu possible de fournir des services d&rsquo;interpr\u00e9tation \u00e0 distance en temps r\u00e9el. Ces plates-formes populaires de communication vid\u00e9o \u00e0 distance et de r\u00e9unions virtuelles sont devenues la meilleure alternative \u00e0&#8230;<\/p>\n","protected":false},"author":3,"featured_media":0,"parent":949,"menu_order":3,"comment_status":"closed","ping_status":"closed","template":"","meta":{"_kad_blocks_custom_css":"","_kad_blocks_head_custom_js":"","_kad_blocks_body_custom_js":"","_kad_blocks_footer_custom_js":"","_kadence_starter_templates_imported_post":false,"_kad_post_transparent":"","_kad_post_title":"","_kad_post_layout":"fullwidth","_kad_post_sidebar_id":"","_kad_post_content_style":"unboxed","_kad_post_vertical_padding":"","_kad_post_feature":"","_kad_post_feature_position":"","_kad_post_header":false,"_kad_post_footer":false,"_kad_post_classname":"","footnotes":""},"class_list":["post-6437","page","type-page","status-publish","hentry"],"taxonomy_info":[],"featured_image_src_large":false,"author_info":{"display_name":"Sandjar","author_link":"https:\/\/interpreter.uz\/fr\/author\/sandjar\/"},"comment_info":0,"_links":{"self":[{"href":"https:\/\/interpreter.uz\/fr\/wp-json\/wp\/v2\/pages\/6437","targetHints":{"allow":["GET"]}}],"collection":[{"href":"https:\/\/interpreter.uz\/fr\/wp-json\/wp\/v2\/pages"}],"about":[{"href":"https:\/\/interpreter.uz\/fr\/wp-json\/wp\/v2\/types\/page"}],"author":[{"embeddable":true,"href":"https:\/\/interpreter.uz\/fr\/wp-json\/wp\/v2\/users\/3"}],"replies":[{"embeddable":true,"href":"https:\/\/interpreter.uz\/fr\/wp-json\/wp\/v2\/comments?post=6437"}],"version-history":[{"count":0,"href":"https:\/\/interpreter.uz\/fr\/wp-json\/wp\/v2\/pages\/6437\/revisions"}],"up":[{"embeddable":true,"href":"https:\/\/interpreter.uz\/fr\/wp-json\/wp\/v2\/pages\/949"}],"wp:attachment":[{"href":"https:\/\/interpreter.uz\/fr\/wp-json\/wp\/v2\/media?parent=6437"}],"curies":[{"name":"wp","href":"https:\/\/api.w.org\/{rel}","templated":true}]}}