{"id":896,"date":"2021-11-30T22:09:16","date_gmt":"2021-11-30T17:09:16","guid":{"rendered":"https:\/\/interpreter.uz\/qui-sommes-nous\/"},"modified":"2022-05-13T21:18:12","modified_gmt":"2022-05-13T16:18:12","slug":"qui-sommes-nous","status":"publish","type":"page","link":"https:\/\/interpreter.uz\/fr\/qui-sommes-nous\/","title":{"rendered":"Qui sommes-nous"},"content":{"rendered":"<style>#kt-layout-id_727379-63 > .kt-row-column-wrap{align-content:center;}:where(#kt-layout-id_727379-63 > .kt-row-column-wrap) > .wp-block-kadence-column{justify-content:center;}#kt-layout-id_727379-63 > .kt-row-column-wrap{column-gap:var(--global-kb-gap-md, 2rem);row-gap:var(--global-kb-gap-md, 2rem);padding-top:var( --global-kb-row-default-top, 25px );padding-bottom:var( --global-kb-row-default-bottom, 25px );padding-top:101px;padding-bottom:100px;min-height:500px;grid-template-columns:minmax(0, 1fr);}#kt-layout-id_727379-63{background-color:rgba(0,0,0,0);background-image:url('https:\/\/interpreter.uz\/wp-content\/uploads\/2022\/05\/uzdjtu_foto.jpg');background-size:cover;background-position:49% 49%;background-attachment:scroll;background-repeat:no-repeat;}#kt-layout-id_727379-63 > .kt-row-layout-overlay{opacity:0.25;mix-blend-mode:normal;}#kt-layout-id_727379-63 .kt-row-layout-bottom-sep{height:100px;}#kt-layout-id_727379-63 .kt-row-layout-bottom-sep svg{width:100%;}#kt-layout-id_727379-63 .kt-row-layout-bottom-sep svg{fill:#ffffff!important;}@media all and (max-width: 1024px){#kt-layout-id_727379-63 > .kt-row-column-wrap{grid-template-columns:minmax(0, 1fr);}}@media all and (max-width: 1024px){#kt-layout-id_727379-63 .kt-row-layout-bottom-sep{height:px;}}@media all and (max-width: 1024px){#kt-layout-id_727379-63 .kt-row-layout-bottom-sep svg{width:%;}}@media all and (max-width: 767px){#kt-layout-id_727379-63 > .kt-row-column-wrap{grid-template-columns:minmax(0, 1fr);}#kt-layout-id_727379-63 .kt-row-layout-bottom-sep{height:px;}#kt-layout-id_727379-63 .kt-row-layout-bottom-sep svg{width:%;}}<\/style>\n<div class=\"wp-block-kadence-rowlayout alignnone\"><div id=\"kt-layout-id_727379-63\" class=\"kt-row-layout-inner kt-row-has-bg kt-layout-id_727379-63\"><div class=\"kt-row-column-wrap kt-has-1-columns kt-gutter-default kt-v-gutter-default kt-row-valign-middle kt-row-layout-equal kt-tab-layout-inherit kt-m-colapse-left-to-right kt-mobile-layout-row\"><style>.kadence-column_51cd8a-c0 > .kt-inside-inner-col{border-top-width:0px;border-right-width:0px;border-bottom-width:0px;border-left-width:0px;}.kadence-column_51cd8a-c0 > .kt-inside-inner-col,.kadence-column_51cd8a-c0 > .kt-inside-inner-col:before{border-top-left-radius:0px;border-top-right-radius:0px;border-bottom-right-radius:0px;border-bottom-left-radius:0px;}.kadence-column_51cd8a-c0 > .kt-inside-inner-col{column-gap:var(--global-kb-gap-sm, 1rem);}.kadence-column_51cd8a-c0 > .kt-inside-inner-col{flex-direction:column;}.kadence-column_51cd8a-c0 > .kt-inside-inner-col > .aligncenter{width:100%;}.kadence-column_51cd8a-c0 > .kt-inside-inner-col:before{opacity:0.3;}.kadence-column_51cd8a-c0{position:relative;}@media all and (max-width: 1024px){.kadence-column_51cd8a-c0 > .kt-inside-inner-col{flex-direction:column;justify-content:center;}}@media all and (max-width: 767px){.kadence-column_51cd8a-c0 > .kt-inside-inner-col{flex-direction:column;justify-content:center;}}<\/style>\n<div class=\"wp-block-kadence-column inner-column-1 kadence-column_51cd8a-c0\"><div class=\"kt-inside-inner-col\"><style>.wp-block-kadence-advancedheading.kt-adv-heading_225a39-47, .wp-block-kadence-advancedheading.kt-adv-heading_225a39-47[data-kb-block=\"kb-adv-heading_225a39-47\"]{text-align:center;font-size:3.5em;line-height:1.5em;font-style:normal;}.wp-block-kadence-advancedheading.kt-adv-heading_225a39-47 mark.kt-highlight, .wp-block-kadence-advancedheading.kt-adv-heading_225a39-47[data-kb-block=\"kb-adv-heading_225a39-47\"] mark.kt-highlight{font-style:normal;color:#f76a0c;-webkit-box-decoration-break:clone;box-decoration-break:clone;padding-top:0px;padding-right:0px;padding-bottom:0px;padding-left:0px;}.wp-block-kadence-advancedheading.kt-adv-heading_225a39-47 img.kb-inline-image, .wp-block-kadence-advancedheading.kt-adv-heading_225a39-47[data-kb-block=\"kb-adv-heading_225a39-47\"] img.kb-inline-image{width:150px;vertical-align:baseline;}@media all and (max-width: 767px){.wp-block-kadence-advancedheading.kt-adv-heading_225a39-47, .wp-block-kadence-advancedheading.kt-adv-heading_225a39-47[data-kb-block=\"kb-adv-heading_225a39-47\"]{font-size:2.8em;}}<\/style>\n<h1 class=\"kt-adv-heading_225a39-47 wp-block-kadence-advancedheading has-theme-palette-9-color has-text-color\" data-kb-block=\"kb-adv-heading_225a39-47\">Qui sommes-nous<\/h1>\n\n\n<style>.wp-block-kadence-advancedbtn.kb-btns_6be851-0a{gap:var(--global-kb-gap-xs, 0.5rem );justify-content:center;align-items:center;}.kt-btns_6be851-0a .kt-button{font-weight:normal;font-style:normal;}.wp-block-kadence-advancedbtn.kt-btns_6be851-0a .kt-btn-wrap-0 .kt-button{color:#fff;font-size:18px;background:transparent;border-color:#fff;border-style:solid;}.wp-block-kadence-advancedbtn.kt-btns_6be851-0a .kt-btn-wrap-0 .kt-button:hover, .wp-block-kadence-advancedbtn.kt-btns_6be851-0a .kt-btn-wrap-0 .kt-button:focus{color:#fff;border-color:#008c9e;}.wp-block-kadence-advancedbtn.kt-btns_6be851-0a .kt-btn-wrap-0 .kt-button::before{display:none;}.wp-block-kadence-advancedbtn.kt-btns_6be851-0a .kt-btn-wrap-0 .kt-button:hover, .wp-block-kadence-advancedbtn.kt-btns_6be851-0a .kt-btn-wrap-0 .kt-button:focus{background:#008c9e;}<\/style>\n<div class=\"wp-block-kadence-advancedbtn kt-btn-align-center kt-btn-tablet-align-inherit kt-btn-mobile-align-inherit kt-btns-wrap kt-btns_6be851-0a\"><div class=\"kt-btn-wrap kt-btn-wrap-0\"><a class=\"kt-button button kt-btn-0-action kt-btn-size-custom kt-btn-style-basic kt-btn-svg-show-always kt-btn-has-text-true kt-btn-has-svg-false\" href=\"https:\/\/interpreter.uz\/en\/contact-us\/\" style=\"border-radius:3px;border-width:2px\"><span class=\"kt-btn-inner-text\">Nous contacter<\/span><\/a><\/div><\/div>\n<\/div><\/div>\n<\/div><\/div><\/div>\n\n\n<style>#kt-layout-id_9a1461-62{margin-top:25px;margin-bottom:25px;}#kt-layout-id_9a1461-62 > .kt-row-column-wrap{align-content:start;}:where(#kt-layout-id_9a1461-62 > .kt-row-column-wrap) > .wp-block-kadence-column{justify-content:start;}#kt-layout-id_9a1461-62 > .kt-row-column-wrap{column-gap:var(--global-kb-gap-md, 2rem);row-gap:var(--global-kb-gap-md, 2rem);max-width:var( --global-content-width, 1290px );padding-left:var(--global-content-edge-padding);padding-right:var(--global-content-edge-padding);padding-top:var( --global-kb-row-default-top, 25px );padding-bottom:var( --global-kb-row-default-bottom, 25px );padding-top:74px;padding-bottom:75px;padding-left:0px;padding-right:0px;grid-template-columns:minmax(0, 1fr);}#kt-layout-id_9a1461-62 > .kt-row-layout-overlay{opacity:0.30;}@media all and (max-width: 1024px){#kt-layout-id_9a1461-62 > .kt-row-column-wrap{grid-template-columns:minmax(0, 1fr);}}@media all and (max-width: 767px){#kt-layout-id_9a1461-62 > .kt-row-column-wrap{grid-template-columns:minmax(0, 1fr);}}<\/style>\n<div class=\"wp-block-kadence-rowlayout alignnone\"><div id=\"kt-layout-id_9a1461-62\" class=\"kt-row-layout-inner kt-layout-id_9a1461-62\"><div class=\"kt-row-column-wrap kt-has-1-columns kt-gutter-default kt-v-gutter-default kt-row-valign-top kt-row-layout-equal kt-tab-layout-inherit kt-m-colapse-left-to-right kt-mobile-layout-row kb-theme-content-width\"><style>.kadence-column_26fb69-1c > .kt-inside-inner-col{border-top-width:0px;border-right-width:0px;border-bottom-width:0px;border-left-width:0px;}.kadence-column_26fb69-1c > .kt-inside-inner-col,.kadence-column_26fb69-1c > .kt-inside-inner-col:before{border-top-left-radius:0px;border-top-right-radius:0px;border-bottom-right-radius:0px;border-bottom-left-radius:0px;}.kadence-column_26fb69-1c > .kt-inside-inner-col{column-gap:var(--global-kb-gap-sm, 1rem);}.kadence-column_26fb69-1c > .kt-inside-inner-col{flex-direction:column;}.kadence-column_26fb69-1c > .kt-inside-inner-col > .aligncenter{width:100%;}.kadence-column_26fb69-1c > .kt-inside-inner-col:before{opacity:0.3;}.kadence-column_26fb69-1c{position:relative;}@media all and (max-width: 1024px){.kadence-column_26fb69-1c > .kt-inside-inner-col{flex-direction:column;justify-content:center;}}@media all and (max-width: 767px){.kadence-column_26fb69-1c > .kt-inside-inner-col{flex-direction:column;justify-content:center;}}<\/style>\n<div class=\"wp-block-kadence-column inner-column-1 kadence-column_26fb69-1c\"><div class=\"kt-inside-inner-col\"><style>.wp-block-kadence-advancedheading.kt-adv-heading_9f62eb-9b, .wp-block-kadence-advancedheading.kt-adv-heading_9f62eb-9b[data-kb-block=\"kb-adv-heading_9f62eb-9b\"]{font-style:normal;}.wp-block-kadence-advancedheading.kt-adv-heading_9f62eb-9b mark.kt-highlight, .wp-block-kadence-advancedheading.kt-adv-heading_9f62eb-9b[data-kb-block=\"kb-adv-heading_9f62eb-9b\"] mark.kt-highlight{font-style:normal;color:#f76a0c;-webkit-box-decoration-break:clone;box-decoration-break:clone;padding-top:0px;padding-right:0px;padding-bottom:0px;padding-left:0px;}.wp-block-kadence-advancedheading.kt-adv-heading_9f62eb-9b img.kb-inline-image, .wp-block-kadence-advancedheading.kt-adv-heading_9f62eb-9b[data-kb-block=\"kb-adv-heading_9f62eb-9b\"] img.kb-inline-image{width:150px;vertical-align:baseline;}<\/style>\n<h2 id=\"Sinhronnyj-perevod\" class=\"kt-adv-heading_9f62eb-9b wp-block-kadence-advancedheading\" data-kb-block=\"kb-adv-heading_9f62eb-9b\"><font style=\"vertical-align: inherit;\"><font style=\"vertical-align: inherit;\"> Qui sommes-nous <\/font><\/font><\/h2>\n\n\n\n<p>Les interpr\u00e8tes d&rsquo;<a href=\"https:\/\/interpreter.uz\/fr\/\" data-type=\"URL\" data-id=\"https:\/\/interpreter.uz\/fr\/\">interpreter.uz<\/a> sont des interpr\u00e8tes certifi\u00e9s de l&rsquo;universit\u00e9 connue sous le nom d&rsquo;Universit\u00e9 d&rsquo;\u00c9tat ouzb\u00e8ke des langues du monde (USUWL, Uzbek O`zDJTU). Pour nous contacter, veuillez consulter notre <a href=\"https:\/\/interpreter.uz\/fr\/nous-contacter\/\" data-type=\"URL\" data-id=\"https:\/\/interpreter.uz\/fr\/nous-contacter\/\">page de contact<\/a><\/p>\n<\/div><\/div>\n<\/div><\/div><\/div>\n","protected":false},"excerpt":{"rendered":"<p>Qui sommes-nous Qui sommes-nous Les interpr\u00e8tes d&rsquo;interpreter.uz sont des interpr\u00e8tes certifi\u00e9s de l&rsquo;universit\u00e9 connue sous le nom d&rsquo;Universit\u00e9 d&rsquo;\u00c9tat ouzb\u00e8ke des langues du monde (USUWL, Uzbek O`zDJTU). Pour nous contacter, veuillez consulter notre page de contact<\/p>\n","protected":false},"author":3,"featured_media":0,"parent":0,"menu_order":2,"comment_status":"closed","ping_status":"closed","template":"","meta":{"_kad_blocks_custom_css":"","_kad_blocks_head_custom_js":"","_kad_blocks_body_custom_js":"","_kad_blocks_footer_custom_js":"","_kadence_starter_templates_imported_post":false,"_kad_post_transparent":"","_kad_post_title":"","_kad_post_layout":"fullwidth","_kad_post_sidebar_id":"","_kad_post_content_style":"unboxed","_kad_post_vertical_padding":"","_kad_post_feature":"","_kad_post_feature_position":"","_kad_post_header":false,"_kad_post_footer":false,"_kad_post_classname":"","footnotes":""},"class_list":["post-896","page","type-page","status-publish","hentry"],"taxonomy_info":[],"featured_image_src_large":false,"author_info":{"display_name":"Sandjar","author_link":"https:\/\/interpreter.uz\/fr\/author\/sandjar\/"},"comment_info":0,"_links":{"self":[{"href":"https:\/\/interpreter.uz\/fr\/wp-json\/wp\/v2\/pages\/896","targetHints":{"allow":["GET"]}}],"collection":[{"href":"https:\/\/interpreter.uz\/fr\/wp-json\/wp\/v2\/pages"}],"about":[{"href":"https:\/\/interpreter.uz\/fr\/wp-json\/wp\/v2\/types\/page"}],"author":[{"embeddable":true,"href":"https:\/\/interpreter.uz\/fr\/wp-json\/wp\/v2\/users\/3"}],"replies":[{"embeddable":true,"href":"https:\/\/interpreter.uz\/fr\/wp-json\/wp\/v2\/comments?post=896"}],"version-history":[{"count":0,"href":"https:\/\/interpreter.uz\/fr\/wp-json\/wp\/v2\/pages\/896\/revisions"}],"wp:attachment":[{"href":"https:\/\/interpreter.uz\/fr\/wp-json\/wp\/v2\/media?parent=896"}],"curies":[{"name":"wp","href":"https:\/\/api.w.org\/{rel}","templated":true}]}}