{"id":945,"date":"2021-12-01T00:37:07","date_gmt":"2021-11-30T19:37:07","guid":{"rendered":"https:\/\/interpreter.uz\/traduzione-scritta\/traduction-juridique-et-legale\/"},"modified":"2022-06-22T13:32:54","modified_gmt":"2022-06-22T08:32:54","slug":"traduction-juridique-et-legale","status":"publish","type":"page","link":"https:\/\/interpreter.uz\/fr\/services\/traduction\/traduction-juridique-et-legale\/","title":{"rendered":"Traduction juridique et l\u00e9gale"},"content":{"rendered":"<style>#kt-layout-id_8079b5-59 > .kt-row-column-wrap{align-content:center;}:where(#kt-layout-id_8079b5-59 > .kt-row-column-wrap) > .wp-block-kadence-column{justify-content:center;}#kt-layout-id_8079b5-59 > .kt-row-column-wrap{column-gap:var(--global-kb-gap-md, 2rem);row-gap:var(--global-kb-gap-md, 2rem);padding-top:var( --global-kb-row-default-top, 25px );padding-bottom:var( --global-kb-row-default-bottom, 25px );padding-top:100px;padding-bottom:100px;min-height:500px;grid-template-columns:minmax(0, 1fr);}#kt-layout-id_8079b5-59{background-image:url('https:\/\/interpreter.uz\/wp-content\/uploads\/2022\/01\/legal-tanslation.webp');background-size:cover;background-position:54% 25%;background-attachment:scroll;background-repeat:no-repeat;}#kt-layout-id_8079b5-59 > .kt-row-layout-overlay{opacity:0.40;background-color:var(--global-palette3, #1A202C);mix-blend-mode:normal;}@media all and (max-width: 1024px){#kt-layout-id_8079b5-59 > .kt-row-column-wrap{grid-template-columns:minmax(0, 1fr);}}@media all and (max-width: 767px){#kt-layout-id_8079b5-59 > .kt-row-column-wrap{grid-template-columns:minmax(0, 1fr);}}<\/style>\n<div class=\"wp-block-kadence-rowlayout alignnone\"><div id=\"kt-layout-id_8079b5-59\" class=\"kt-row-layout-inner kt-row-has-bg kt-layout-id_8079b5-59\"><div class=\"kt-row-layout-overlay kt-row-overlay-normal\"><\/div><div class=\"kt-row-column-wrap kt-has-1-columns kt-gutter-default kt-v-gutter-default kt-row-valign-middle kt-row-layout-equal kt-tab-layout-inherit kt-m-colapse-left-to-right kt-mobile-layout-row\"><style>.kadence-column_09cad9-01 > .kt-inside-inner-col{border-top-width:0px;border-right-width:0px;border-bottom-width:0px;border-left-width:0px;}.kadence-column_09cad9-01 > .kt-inside-inner-col,.kadence-column_09cad9-01 > .kt-inside-inner-col:before{border-top-left-radius:0px;border-top-right-radius:0px;border-bottom-right-radius:0px;border-bottom-left-radius:0px;}.kadence-column_09cad9-01 > .kt-inside-inner-col{column-gap:var(--global-kb-gap-sm, 1rem);}.kadence-column_09cad9-01 > .kt-inside-inner-col{flex-direction:column;}.kadence-column_09cad9-01 > .kt-inside-inner-col > .aligncenter{width:100%;}.kadence-column_09cad9-01 > .kt-inside-inner-col:before{opacity:0.3;}.kadence-column_09cad9-01{position:relative;}@media all and (max-width: 1024px){.kadence-column_09cad9-01 > .kt-inside-inner-col{flex-direction:column;justify-content:center;}}@media all and (max-width: 767px){.kadence-column_09cad9-01 > .kt-inside-inner-col{flex-direction:column;justify-content:center;}}<\/style>\n<div class=\"wp-block-kadence-column inner-column-1 kadence-column_09cad9-01\"><div class=\"kt-inside-inner-col\"><style>.wp-block-kadence-advancedheading.kt-adv-heading_cee446-b2, .wp-block-kadence-advancedheading.kt-adv-heading_cee446-b2[data-kb-block=\"kb-adv-heading_cee446-b2\"]{text-align:center;font-size:3.5em;line-height:1.5em;font-style:normal;color:#fff;}.wp-block-kadence-advancedheading.kt-adv-heading_cee446-b2 mark.kt-highlight, .wp-block-kadence-advancedheading.kt-adv-heading_cee446-b2[data-kb-block=\"kb-adv-heading_cee446-b2\"] mark.kt-highlight{font-style:normal;color:#f76a0c;-webkit-box-decoration-break:clone;box-decoration-break:clone;padding-top:0px;padding-right:0px;padding-bottom:0px;padding-left:0px;}.wp-block-kadence-advancedheading.kt-adv-heading_cee446-b2 img.kb-inline-image, .wp-block-kadence-advancedheading.kt-adv-heading_cee446-b2[data-kb-block=\"kb-adv-heading_cee446-b2\"] img.kb-inline-image{width:150px;vertical-align:baseline;}@media all and (max-width: 767px){.wp-block-kadence-advancedheading.kt-adv-heading_cee446-b2, .wp-block-kadence-advancedheading.kt-adv-heading_cee446-b2[data-kb-block=\"kb-adv-heading_cee446-b2\"]{font-size:2.8em;}}<\/style>\n<h1 class=\"kt-adv-heading_cee446-b2 wp-block-kadence-advancedheading\" data-kb-block=\"kb-adv-heading_cee446-b2\">Traduction juridique et l\u00e9gale<\/h1>\n\n\n<style>.wp-block-kadence-advancedheading.kt-adv-heading_ef5873-af, .wp-block-kadence-advancedheading.kt-adv-heading_ef5873-af[data-kb-block=\"kb-adv-heading_ef5873-af\"]{text-align:center;font-style:normal;}.wp-block-kadence-advancedheading.kt-adv-heading_ef5873-af mark.kt-highlight, .wp-block-kadence-advancedheading.kt-adv-heading_ef5873-af[data-kb-block=\"kb-adv-heading_ef5873-af\"] mark.kt-highlight{font-style:normal;color:#f76a0c;-webkit-box-decoration-break:clone;box-decoration-break:clone;padding-top:0px;padding-right:0px;padding-bottom:0px;padding-left:0px;}.wp-block-kadence-advancedheading.kt-adv-heading_ef5873-af img.kb-inline-image, .wp-block-kadence-advancedheading.kt-adv-heading_ef5873-af[data-kb-block=\"kb-adv-heading_ef5873-af\"] img.kb-inline-image{width:150px;vertical-align:baseline;}<\/style>\n<p class=\"kt-adv-heading_ef5873-af wp-block-kadence-advancedheading has-theme-palette-9-color has-text-color\" data-kb-block=\"kb-adv-heading_ef5873-af\">Services de Traduction Juridique et L\u00e9gale<\/p>\n\n\n<style>.wp-block-kadence-advancedbtn.kb-btns_1a5619-23{gap:var(--global-kb-gap-xs, 0.5rem );justify-content:center;align-items:center;}.kt-btns_1a5619-23 .kt-button{font-weight:normal;font-style:normal;}.wp-block-kadence-advancedbtn.kt-btns_1a5619-23 .kt-btn-wrap-0 .kt-button{color:#fff;font-size:18px;background:transparent;border-color:#fff;border-style:solid;}.wp-block-kadence-advancedbtn.kt-btns_1a5619-23 .kt-btn-wrap-0 .kt-button:hover, .wp-block-kadence-advancedbtn.kt-btns_1a5619-23 .kt-btn-wrap-0 .kt-button:focus{color:#fff;border-color:#008c9e;}.wp-block-kadence-advancedbtn.kt-btns_1a5619-23 .kt-btn-wrap-0 .kt-button::before{display:none;}.wp-block-kadence-advancedbtn.kt-btns_1a5619-23 .kt-btn-wrap-0 .kt-button:hover, .wp-block-kadence-advancedbtn.kt-btns_1a5619-23 .kt-btn-wrap-0 .kt-button:focus{background:#008c9e;}<\/style>\n<div class=\"wp-block-kadence-advancedbtn kt-btn-align-center kt-btn-tablet-align-inherit kt-btn-mobile-align-inherit kt-btns-wrap kt-btns_1a5619-23\"><div class=\"kt-btn-wrap kt-btn-wrap-0\"><a class=\"kt-button button kt-btn-0-action kt-btn-size-custom kt-btn-style-basic kt-btn-svg-show-always kt-btn-has-text-true kt-btn-has-svg-false\" href=\"https:\/\/interpreter.uz\/en\/contact-us\/\" style=\"border-radius:3px;border-width:2px\"><span class=\"kt-btn-inner-text\">Nous contacter<\/span><\/a><\/div><\/div>\n<\/div><\/div>\n<\/div><\/div><\/div>\n\n\n<style>#kt-layout-id_f6f5be-b3 > .kt-row-column-wrap{align-content:start;}:where(#kt-layout-id_f6f5be-b3 > .kt-row-column-wrap) > .wp-block-kadence-column{justify-content:start;}#kt-layout-id_f6f5be-b3 > .kt-row-column-wrap{column-gap:var(--global-kb-gap-md, 2rem);row-gap:var(--global-kb-gap-md, 2rem);max-width:var( --global-content-width, 1290px );padding-left:var(--global-content-edge-padding);padding-right:var(--global-content-edge-padding);padding-top:var( --global-kb-row-default-top, 25px );padding-bottom:var( --global-kb-row-default-bottom, 25px );padding-top:75px;padding-bottom:75px;padding-left:0px;padding-right:0px;grid-template-columns:minmax(0, 1fr);}#kt-layout-id_f6f5be-b3 > .kt-row-layout-overlay{opacity:0.30;}@media all and (max-width: 1024px){#kt-layout-id_f6f5be-b3 > .kt-row-column-wrap{grid-template-columns:minmax(0, 1fr);}}@media all and (max-width: 767px){#kt-layout-id_f6f5be-b3 > .kt-row-column-wrap{grid-template-columns:minmax(0, 1fr);}}<\/style>\n<div class=\"wp-block-kadence-rowlayout alignnone\"><div id=\"kt-layout-id_f6f5be-b3\" class=\"kt-row-layout-inner kt-layout-id_f6f5be-b3\"><div class=\"kt-row-column-wrap kt-has-1-columns kt-gutter-default kt-v-gutter-default kt-row-valign-top kt-row-layout-equal kt-tab-layout-inherit kt-m-colapse-left-to-right kt-mobile-layout-row kb-theme-content-width\"><style>.kadence-column_4503f9-22 > .kt-inside-inner-col{border-top-width:0px;border-right-width:0px;border-bottom-width:0px;border-left-width:0px;}.kadence-column_4503f9-22 > .kt-inside-inner-col,.kadence-column_4503f9-22 > .kt-inside-inner-col:before{border-top-left-radius:0px;border-top-right-radius:0px;border-bottom-right-radius:0px;border-bottom-left-radius:0px;}.kadence-column_4503f9-22 > .kt-inside-inner-col{column-gap:var(--global-kb-gap-sm, 1rem);}.kadence-column_4503f9-22 > .kt-inside-inner-col{flex-direction:column;}.kadence-column_4503f9-22 > .kt-inside-inner-col > .aligncenter{width:100%;}.kadence-column_4503f9-22 > .kt-inside-inner-col:before{opacity:0.3;}.kadence-column_4503f9-22{position:relative;}@media all and (max-width: 1024px){.kadence-column_4503f9-22 > .kt-inside-inner-col{flex-direction:column;justify-content:center;}}@media all and (max-width: 767px){.kadence-column_4503f9-22 > .kt-inside-inner-col{flex-direction:column;justify-content:center;}}<\/style>\n<div class=\"wp-block-kadence-column inner-column-1 kadence-column_4503f9-22\"><div class=\"kt-inside-inner-col\"><style>.wp-block-kadence-advancedheading.kt-adv-heading_c0c054-be, .wp-block-kadence-advancedheading.kt-adv-heading_c0c054-be[data-kb-block=\"kb-adv-heading_c0c054-be\"]{font-style:normal;}.wp-block-kadence-advancedheading.kt-adv-heading_c0c054-be mark.kt-highlight, .wp-block-kadence-advancedheading.kt-adv-heading_c0c054-be[data-kb-block=\"kb-adv-heading_c0c054-be\"] mark.kt-highlight{font-style:normal;color:#f76a0c;-webkit-box-decoration-break:clone;box-decoration-break:clone;padding-top:0px;padding-right:0px;padding-bottom:0px;padding-left:0px;}.wp-block-kadence-advancedheading.kt-adv-heading_c0c054-be img.kb-inline-image, .wp-block-kadence-advancedheading.kt-adv-heading_c0c054-be[data-kb-block=\"kb-adv-heading_c0c054-be\"] img.kb-inline-image{width:150px;vertical-align:baseline;}<\/style>\n<h2 class=\"kt-adv-heading_c0c054-be wp-block-kadence-advancedheading\" data-kb-block=\"kb-adv-heading_c0c054-be\">Traduction juridique et l\u00e9gale<\/h2>\n\n\n\n<p>La traduction juridique est la traduction des documents juridiques r\u00e9gulant diff\u00e9rentes sortes de relations internationales. La traduction juridique est l&rsquo;une des plus anciennes traductions sp\u00e9cialis\u00e9es. Consid\u00e9r\u00e9e comme l&rsquo;un des types de traduction les plus difficiles, la traduction juridique exige du traducteur de transmettre avec pr\u00e9cision les informations contenues dans le document, ne laissant aucune place \u00e0 une interpr\u00e9tation ambigu\u00eb. Pour cela le traducteur doit \u00eatre capable de reconna\u00eetre les r\u00e9alit\u00e9s de la culture juridique non seulement de son pays, mais aussi d\u2019un pays \u00e9tranger.<\/p>\n<\/div><\/div>\n<\/div><\/div><\/div>\n","protected":false},"excerpt":{"rendered":"<p>Traduction juridique et l\u00e9gale Services de Traduction Juridique et L\u00e9gale Traduction juridique et l\u00e9gale La traduction juridique est la traduction des documents juridiques r\u00e9gulant diff\u00e9rentes sortes de relations internationales. La traduction juridique est l&rsquo;une des plus anciennes traductions sp\u00e9cialis\u00e9es. Consid\u00e9r\u00e9e comme l&rsquo;un des types de traduction les plus difficiles, la traduction juridique exige du traducteur&#8230;<\/p>\n","protected":false},"author":3,"featured_media":0,"parent":917,"menu_order":5,"comment_status":"closed","ping_status":"closed","template":"","meta":{"_kad_blocks_custom_css":"","_kad_blocks_head_custom_js":"","_kad_blocks_body_custom_js":"","_kad_blocks_footer_custom_js":"","_kadence_starter_templates_imported_post":false,"_kad_post_transparent":"","_kad_post_title":"","_kad_post_layout":"fullwidth","_kad_post_sidebar_id":"","_kad_post_content_style":"unboxed","_kad_post_vertical_padding":"","_kad_post_feature":"","_kad_post_feature_position":"","_kad_post_header":false,"_kad_post_footer":false,"_kad_post_classname":"","footnotes":""},"class_list":["post-945","page","type-page","status-publish","hentry"],"taxonomy_info":[],"featured_image_src_large":false,"author_info":{"display_name":"Sandjar","author_link":"https:\/\/interpreter.uz\/fr\/author\/sandjar\/"},"comment_info":0,"_links":{"self":[{"href":"https:\/\/interpreter.uz\/fr\/wp-json\/wp\/v2\/pages\/945","targetHints":{"allow":["GET"]}}],"collection":[{"href":"https:\/\/interpreter.uz\/fr\/wp-json\/wp\/v2\/pages"}],"about":[{"href":"https:\/\/interpreter.uz\/fr\/wp-json\/wp\/v2\/types\/page"}],"author":[{"embeddable":true,"href":"https:\/\/interpreter.uz\/fr\/wp-json\/wp\/v2\/users\/3"}],"replies":[{"embeddable":true,"href":"https:\/\/interpreter.uz\/fr\/wp-json\/wp\/v2\/comments?post=945"}],"version-history":[{"count":0,"href":"https:\/\/interpreter.uz\/fr\/wp-json\/wp\/v2\/pages\/945\/revisions"}],"up":[{"embeddable":true,"href":"https:\/\/interpreter.uz\/fr\/wp-json\/wp\/v2\/pages\/917"}],"wp:attachment":[{"href":"https:\/\/interpreter.uz\/fr\/wp-json\/wp\/v2\/media?parent=945"}],"curies":[{"name":"wp","href":"https:\/\/api.w.org\/{rel}","templated":true}]}}