{"id":962,"date":"2021-12-01T00:46:53","date_gmt":"2021-11-30T19:46:04","guid":{"rendered":"https:\/\/interpreter.uz\/services-dinterpretation\/linterpretation\/interpretazione-di-conferenza\/"},"modified":"2022-06-06T13:46:26","modified_gmt":"2022-06-06T08:46:26","slug":"voix-off-et-doublage-2","status":"publish","type":"page","link":"https:\/\/interpreter.uz\/fr\/services\/interpretariat\/voix-off-et-doublage-2\/","title":{"rendered":"Interpr\u00e9tation multilingue"},"content":{"rendered":"<style>#kt-layout-id_9f7537-c9 > .kt-row-column-wrap{align-content:center;}:where(#kt-layout-id_9f7537-c9 > .kt-row-column-wrap) > .wp-block-kadence-column{justify-content:center;}#kt-layout-id_9f7537-c9 > .kt-row-column-wrap{column-gap:var(--global-kb-gap-md, 2rem);row-gap:var(--global-kb-gap-md, 2rem);padding-top:var( --global-kb-row-default-top, 25px );padding-bottom:var( --global-kb-row-default-bottom, 25px );padding-top:100px;padding-bottom:100px;min-height:500px;grid-template-columns:minmax(0, 1fr);}#kt-layout-id_9f7537-c9{background-image:url('https:\/\/interpreter.uz\/wp-content\/uploads\/2022\/03\/multilingual_interpreter.jpg');background-size:cover;background-position:60% 54%;background-attachment:scroll;background-repeat:no-repeat;}#kt-layout-id_9f7537-c9 > .kt-row-layout-overlay{opacity:0.30;background-color:#080b48;mix-blend-mode:normal;}#kt-layout-id_9f7537-c9 .kt-row-layout-bottom-sep{height:100px;}#kt-layout-id_9f7537-c9 .kt-row-layout-bottom-sep svg{width:100%;}#kt-layout-id_9f7537-c9 .kt-row-layout-bottom-sep svg{fill:#ffffff!important;}@media all and (max-width: 1024px){#kt-layout-id_9f7537-c9 > .kt-row-column-wrap{grid-template-columns:minmax(0, 1fr);}}@media all and (max-width: 1024px){#kt-layout-id_9f7537-c9 .kt-row-layout-bottom-sep{height:px;}}@media all and (max-width: 1024px){#kt-layout-id_9f7537-c9 .kt-row-layout-bottom-sep svg{width:%;}}@media all and (max-width: 767px){#kt-layout-id_9f7537-c9 > .kt-row-column-wrap{grid-template-columns:minmax(0, 1fr);}#kt-layout-id_9f7537-c9 .kt-row-layout-bottom-sep{height:px;}#kt-layout-id_9f7537-c9 .kt-row-layout-bottom-sep svg{width:%;}}<\/style>\n<div class=\"wp-block-kadence-rowlayout alignnone\"><div id=\"kt-layout-id_9f7537-c9\" class=\"kt-row-layout-inner kt-row-has-bg kt-layout-id_9f7537-c9\"><div class=\"kt-row-layout-overlay kt-row-overlay-normal\"><\/div><div class=\"kt-row-column-wrap kt-has-1-columns kt-gutter-default kt-v-gutter-default kt-row-valign-middle kt-row-layout-equal kt-tab-layout-inherit kt-m-colapse-left-to-right kt-mobile-layout-row\"><style>.kadence-column_3d4ae1-c7 > .kt-inside-inner-col{border-top-width:0px;border-right-width:0px;border-bottom-width:0px;border-left-width:0px;}.kadence-column_3d4ae1-c7 > .kt-inside-inner-col,.kadence-column_3d4ae1-c7 > .kt-inside-inner-col:before{border-top-left-radius:0px;border-top-right-radius:0px;border-bottom-right-radius:0px;border-bottom-left-radius:0px;}.kadence-column_3d4ae1-c7 > .kt-inside-inner-col{column-gap:var(--global-kb-gap-sm, 1rem);}.kadence-column_3d4ae1-c7 > .kt-inside-inner-col{flex-direction:column;}.kadence-column_3d4ae1-c7 > .kt-inside-inner-col > .aligncenter{width:100%;}.kadence-column_3d4ae1-c7 > .kt-inside-inner-col:before{opacity:0.3;}.kadence-column_3d4ae1-c7{position:relative;}@media all and (max-width: 1024px){.kadence-column_3d4ae1-c7 > .kt-inside-inner-col{flex-direction:column;justify-content:center;}}@media all and (max-width: 767px){.kadence-column_3d4ae1-c7 > .kt-inside-inner-col{flex-direction:column;justify-content:center;}}<\/style>\n<div class=\"wp-block-kadence-column inner-column-1 kadence-column_3d4ae1-c7\"><div class=\"kt-inside-inner-col\"><style>.wp-block-kadence-advancedheading.kt-adv-heading_ac0fb8-01, .wp-block-kadence-advancedheading.kt-adv-heading_ac0fb8-01[data-kb-block=\"kb-adv-heading_ac0fb8-01\"]{text-align:center;font-size:3.5em;line-height:1.5em;font-style:normal;color:#fff;}.wp-block-kadence-advancedheading.kt-adv-heading_ac0fb8-01 mark.kt-highlight, .wp-block-kadence-advancedheading.kt-adv-heading_ac0fb8-01[data-kb-block=\"kb-adv-heading_ac0fb8-01\"] mark.kt-highlight{font-style:normal;color:#f76a0c;-webkit-box-decoration-break:clone;box-decoration-break:clone;padding-top:0px;padding-right:0px;padding-bottom:0px;padding-left:0px;}.wp-block-kadence-advancedheading.kt-adv-heading_ac0fb8-01 img.kb-inline-image, .wp-block-kadence-advancedheading.kt-adv-heading_ac0fb8-01[data-kb-block=\"kb-adv-heading_ac0fb8-01\"] img.kb-inline-image{width:150px;vertical-align:baseline;}@media all and (max-width: 767px){.wp-block-kadence-advancedheading.kt-adv-heading_ac0fb8-01, .wp-block-kadence-advancedheading.kt-adv-heading_ac0fb8-01[data-kb-block=\"kb-adv-heading_ac0fb8-01\"]{font-size:2.8em;}}<\/style>\n<h1 class=\"kt-adv-heading_ac0fb8-01 wp-block-kadence-advancedheading\" data-kb-block=\"kb-adv-heading_ac0fb8-01\">Interpr\u00e9tation multilingue<\/h1>\n\n\n<style>.wp-block-kadence-advancedheading.kt-adv-heading_9666a0-99, .wp-block-kadence-advancedheading.kt-adv-heading_9666a0-99[data-kb-block=\"kb-adv-heading_9666a0-99\"]{text-align:center;font-style:normal;}.wp-block-kadence-advancedheading.kt-adv-heading_9666a0-99 mark.kt-highlight, .wp-block-kadence-advancedheading.kt-adv-heading_9666a0-99[data-kb-block=\"kb-adv-heading_9666a0-99\"] mark.kt-highlight{font-style:normal;color:#f76a0c;-webkit-box-decoration-break:clone;box-decoration-break:clone;padding-top:0px;padding-right:0px;padding-bottom:0px;padding-left:0px;}.wp-block-kadence-advancedheading.kt-adv-heading_9666a0-99 img.kb-inline-image, .wp-block-kadence-advancedheading.kt-adv-heading_9666a0-99[data-kb-block=\"kb-adv-heading_9666a0-99\"] img.kb-inline-image{width:150px;vertical-align:baseline;}<\/style>\n<p class=\"kt-adv-heading_9666a0-99 wp-block-kadence-advancedheading has-theme-palette-9-color has-text-color\" data-kb-block=\"kb-adv-heading_9666a0-99\">Interpr\u00e8te multilingue <\/p>\n\n\n<style>.wp-block-kadence-advancedbtn.kb-btns_2e823a-fe{gap:var(--global-kb-gap-xs, 0.5rem );justify-content:center;align-items:center;}.kt-btns_2e823a-fe .kt-button{font-weight:normal;font-style:normal;}.wp-block-kadence-advancedbtn.kt-btns_2e823a-fe .kt-btn-wrap-0 .kt-button{color:#fff;font-size:18px;background:transparent;border-color:#fff;border-style:solid;}.wp-block-kadence-advancedbtn.kt-btns_2e823a-fe .kt-btn-wrap-0 .kt-button:hover, .wp-block-kadence-advancedbtn.kt-btns_2e823a-fe .kt-btn-wrap-0 .kt-button:focus{color:#fff;border-color:#008c9e;}.wp-block-kadence-advancedbtn.kt-btns_2e823a-fe .kt-btn-wrap-0 .kt-button::before{display:none;}.wp-block-kadence-advancedbtn.kt-btns_2e823a-fe .kt-btn-wrap-0 .kt-button:hover, .wp-block-kadence-advancedbtn.kt-btns_2e823a-fe .kt-btn-wrap-0 .kt-button:focus{background:#008c9e;}<\/style>\n<div class=\"wp-block-kadence-advancedbtn kt-btn-align-center kt-btn-tablet-align-inherit kt-btn-mobile-align-inherit kt-btns-wrap kt-btns_2e823a-fe\"><div class=\"kt-btn-wrap kt-btn-wrap-0\"><a class=\"kt-button button kt-btn-0-action kt-btn-size-custom kt-btn-style-basic kt-btn-svg-show-always kt-btn-has-text-true kt-btn-has-svg-false\" href=\"https:\/\/interpreter.uz\/en\/contact-us\/\" style=\"border-radius:3px;border-width:2px\"><span class=\"kt-btn-inner-text\">Nous contacter<\/span><\/a><\/div><\/div>\n<\/div><\/div>\n<\/div><\/div><\/div>\n\n\n<style>#kt-layout-id_f8917b-63 > .kt-row-column-wrap{align-content:start;}:where(#kt-layout-id_f8917b-63 > .kt-row-column-wrap) > .wp-block-kadence-column{justify-content:start;}#kt-layout-id_f8917b-63 > .kt-row-column-wrap{column-gap:var(--global-kb-gap-md, 2rem);row-gap:var(--global-kb-gap-md, 2rem);max-width:var( --global-content-width, 1290px );padding-left:var(--global-content-edge-padding);padding-right:var(--global-content-edge-padding);padding-top:var( --global-kb-row-default-top, 25px );padding-bottom:var( --global-kb-row-default-bottom, 25px );padding-top:75px;padding-bottom:75px;padding-left:0px;padding-right:0px;grid-template-columns:minmax(0, 1fr);}#kt-layout-id_f8917b-63 > .kt-row-layout-overlay{opacity:0.30;}@media all and (max-width: 1024px){#kt-layout-id_f8917b-63 > .kt-row-column-wrap{grid-template-columns:minmax(0, 1fr);}}@media all and (max-width: 767px){#kt-layout-id_f8917b-63 > .kt-row-column-wrap{grid-template-columns:minmax(0, 1fr);}}<\/style>\n<div class=\"wp-block-kadence-rowlayout alignnone\"><div id=\"kt-layout-id_f8917b-63\" class=\"kt-row-layout-inner kt-layout-id_f8917b-63\"><div class=\"kt-row-column-wrap kt-has-1-columns kt-gutter-default kt-v-gutter-default kt-row-valign-top kt-row-layout-equal kt-tab-layout-inherit kt-m-colapse-left-to-right kt-mobile-layout-row kb-theme-content-width\"><style>.kadence-column_34f463-43 > .kt-inside-inner-col{border-top-width:0px;border-right-width:0px;border-bottom-width:0px;border-left-width:0px;}.kadence-column_34f463-43 > .kt-inside-inner-col,.kadence-column_34f463-43 > .kt-inside-inner-col:before{border-top-left-radius:0px;border-top-right-radius:0px;border-bottom-right-radius:0px;border-bottom-left-radius:0px;}.kadence-column_34f463-43 > .kt-inside-inner-col{column-gap:var(--global-kb-gap-sm, 1rem);}.kadence-column_34f463-43 > .kt-inside-inner-col{flex-direction:column;}.kadence-column_34f463-43 > .kt-inside-inner-col > .aligncenter{width:100%;}.kadence-column_34f463-43 > .kt-inside-inner-col:before{opacity:0.3;}.kadence-column_34f463-43{position:relative;}@media all and (max-width: 1024px){.kadence-column_34f463-43 > .kt-inside-inner-col{flex-direction:column;justify-content:center;}}@media all and (max-width: 767px){.kadence-column_34f463-43 > .kt-inside-inner-col{flex-direction:column;justify-content:center;}}<\/style>\n<div class=\"wp-block-kadence-column inner-column-1 kadence-column_34f463-43\"><div class=\"kt-inside-inner-col\"><style>.wp-block-kadence-advancedheading.kt-adv-heading_99f34c-ed, .wp-block-kadence-advancedheading.kt-adv-heading_99f34c-ed[data-kb-block=\"kb-adv-heading_99f34c-ed\"]{font-style:normal;}.wp-block-kadence-advancedheading.kt-adv-heading_99f34c-ed mark.kt-highlight, .wp-block-kadence-advancedheading.kt-adv-heading_99f34c-ed[data-kb-block=\"kb-adv-heading_99f34c-ed\"] mark.kt-highlight{font-style:normal;color:#f76a0c;-webkit-box-decoration-break:clone;box-decoration-break:clone;padding-top:0px;padding-right:0px;padding-bottom:0px;padding-left:0px;}.wp-block-kadence-advancedheading.kt-adv-heading_99f34c-ed img.kb-inline-image, .wp-block-kadence-advancedheading.kt-adv-heading_99f34c-ed[data-kb-block=\"kb-adv-heading_99f34c-ed\"] img.kb-inline-image{width:150px;vertical-align:baseline;}<\/style>\n<h2 class=\"kt-adv-heading_99f34c-ed wp-block-kadence-advancedheading\" data-kb-block=\"kb-adv-heading_99f34c-ed\"><strong><strong>Interpr\u00e9tation multilingue<\/strong><\/strong><\/h2>\n\n\n<style>.wp-block-kadence-advancedheading.kt-adv-heading_0704df-9f, .wp-block-kadence-advancedheading.kt-adv-heading_0704df-9f[data-kb-block=\"kb-adv-heading_0704df-9f\"]{font-style:normal;}.wp-block-kadence-advancedheading.kt-adv-heading_0704df-9f mark.kt-highlight, .wp-block-kadence-advancedheading.kt-adv-heading_0704df-9f[data-kb-block=\"kb-adv-heading_0704df-9f\"] mark.kt-highlight{font-style:normal;color:#f76a0c;-webkit-box-decoration-break:clone;box-decoration-break:clone;padding-top:0px;padding-right:0px;padding-bottom:0px;padding-left:0px;}.wp-block-kadence-advancedheading.kt-adv-heading_0704df-9f img.kb-inline-image, .wp-block-kadence-advancedheading.kt-adv-heading_0704df-9f[data-kb-block=\"kb-adv-heading_0704df-9f\"] img.kb-inline-image{width:150px;vertical-align:baseline;}<\/style>\n<p class=\"kt-adv-heading_0704df-9f wp-block-kadence-advancedheading\" data-kb-block=\"kb-adv-heading_0704df-9f\">Les services de Interpr\u00e9tation multilingue sont les services d&rsquo;un interpr\u00e8te ma\u00eetrisant la traduction dans plusieurs combinaisons linguistiques (anglais-fran\u00e7ais, italien-russe). Un interpr\u00e8te multilingue est, en r\u00e8gle g\u00e9n\u00e9rale, un interpr\u00e8te de liaison qui effectue une Interpr\u00e9tation cons\u00e9cutive dans un environnement o\u00f9 la connaissance de l&rsquo;interpr\u00e8te d&rsquo;une langue \u00e9trang\u00e8re peut ne pas \u00eatre suffisante. Un exemple d&rsquo;un tel environnement multilingue serait des \u00e9v\u00e9nements internationaux avec des participants de plusieurs pays ou a\u00e9roports.<\/p>\n<\/div><\/div>\n<\/div><\/div><\/div>\n","protected":false},"excerpt":{"rendered":"<p>Interpr\u00e9tation multilingue Interpr\u00e8te multilingue Interpr\u00e9tation multilingue Les services de Interpr\u00e9tation multilingue sont les services d&rsquo;un interpr\u00e8te ma\u00eetrisant la traduction dans plusieurs combinaisons linguistiques (anglais-fran\u00e7ais, italien-russe). Un interpr\u00e8te multilingue est, en r\u00e8gle g\u00e9n\u00e9rale, un interpr\u00e8te de liaison qui effectue une Interpr\u00e9tation cons\u00e9cutive dans un environnement o\u00f9 la connaissance de l&rsquo;interpr\u00e8te d&rsquo;une langue \u00e9trang\u00e8re peut ne pas&#8230;<\/p>\n","protected":false},"author":3,"featured_media":0,"parent":949,"menu_order":4,"comment_status":"closed","ping_status":"closed","template":"","meta":{"_kad_blocks_custom_css":"","_kad_blocks_head_custom_js":"","_kad_blocks_body_custom_js":"","_kad_blocks_footer_custom_js":"","_kadence_starter_templates_imported_post":false,"_kad_post_transparent":"","_kad_post_title":"","_kad_post_layout":"fullwidth","_kad_post_sidebar_id":"","_kad_post_content_style":"","_kad_post_vertical_padding":"","_kad_post_feature":"","_kad_post_feature_position":"","_kad_post_header":false,"_kad_post_footer":false,"_kad_post_classname":"","footnotes":""},"class_list":["post-962","page","type-page","status-publish","hentry"],"taxonomy_info":[],"featured_image_src_large":false,"author_info":{"display_name":"Sandjar","author_link":"https:\/\/interpreter.uz\/fr\/author\/sandjar\/"},"comment_info":0,"_links":{"self":[{"href":"https:\/\/interpreter.uz\/fr\/wp-json\/wp\/v2\/pages\/962","targetHints":{"allow":["GET"]}}],"collection":[{"href":"https:\/\/interpreter.uz\/fr\/wp-json\/wp\/v2\/pages"}],"about":[{"href":"https:\/\/interpreter.uz\/fr\/wp-json\/wp\/v2\/types\/page"}],"author":[{"embeddable":true,"href":"https:\/\/interpreter.uz\/fr\/wp-json\/wp\/v2\/users\/3"}],"replies":[{"embeddable":true,"href":"https:\/\/interpreter.uz\/fr\/wp-json\/wp\/v2\/comments?post=962"}],"version-history":[{"count":0,"href":"https:\/\/interpreter.uz\/fr\/wp-json\/wp\/v2\/pages\/962\/revisions"}],"up":[{"embeddable":true,"href":"https:\/\/interpreter.uz\/fr\/wp-json\/wp\/v2\/pages\/949"}],"wp:attachment":[{"href":"https:\/\/interpreter.uz\/fr\/wp-json\/wp\/v2\/media?parent=962"}],"curies":[{"name":"wp","href":"https:\/\/api.w.org\/{rel}","templated":true}]}}