{"id":978,"date":"2021-12-01T01:11:53","date_gmt":"2021-11-30T20:11:22","guid":{"rendered":"https:\/\/interpreter.uz\/services-dinterpretation\/linterpretation\/guide-culturel\/"},"modified":"2022-05-04T17:51:59","modified_gmt":"2022-05-04T12:51:59","slug":"guide-culturel-guide-conferencier","status":"publish","type":"page","link":"https:\/\/interpreter.uz\/fr\/services\/interpretariat\/guide-culturel-guide-conferencier\/","title":{"rendered":"Guide culturel (guide-conf\u00e9rencier)"},"content":{"rendered":"<style>#kt-layout-id_212f2c-fc > .kt-row-column-wrap{align-content:center;}:where(#kt-layout-id_212f2c-fc > .kt-row-column-wrap) > .wp-block-kadence-column{justify-content:center;}#kt-layout-id_212f2c-fc > .kt-row-column-wrap{column-gap:var(--global-kb-gap-md, 2rem);row-gap:var(--global-kb-gap-md, 2rem);padding-top:var( --global-kb-row-default-top, 25px );padding-bottom:var( --global-kb-row-default-bottom, 25px );padding-top:100px;padding-bottom:100px;min-height:500px;grid-template-columns:minmax(0, 1fr);}#kt-layout-id_212f2c-fc{background-image:url('https:\/\/interpreter.uz\/wp-content\/uploads\/2022\/01\/tour_guide.jpg');background-size:cover;background-position:56.00000000000001% 36%;background-attachment:scroll;background-repeat:no-repeat;}#kt-layout-id_212f2c-fc > .kt-row-layout-overlay{opacity:0.50;background-color:#008c9e;mix-blend-mode:normal;}@media all and (max-width: 1024px){#kt-layout-id_212f2c-fc > .kt-row-column-wrap{grid-template-columns:minmax(0, 1fr);}}@media all and (max-width: 767px){#kt-layout-id_212f2c-fc > .kt-row-column-wrap{grid-template-columns:minmax(0, 1fr);}}<\/style>\n<div class=\"wp-block-kadence-rowlayout alignnone\"><div id=\"kt-layout-id_212f2c-fc\" class=\"kt-row-layout-inner kt-row-has-bg kt-layout-id_212f2c-fc\"><div class=\"kt-row-layout-overlay kt-row-overlay-normal\"><\/div><div class=\"kt-row-column-wrap kt-has-1-columns kt-gutter-default kt-v-gutter-default kt-row-valign-middle kt-row-layout-equal kt-tab-layout-inherit kt-m-colapse-left-to-right kt-mobile-layout-row\"><style>.kadence-column_ac8c04-ea > .kt-inside-inner-col{border-top-width:0px;border-right-width:0px;border-bottom-width:0px;border-left-width:0px;}.kadence-column_ac8c04-ea > .kt-inside-inner-col,.kadence-column_ac8c04-ea > .kt-inside-inner-col:before{border-top-left-radius:0px;border-top-right-radius:0px;border-bottom-right-radius:0px;border-bottom-left-radius:0px;}.kadence-column_ac8c04-ea > .kt-inside-inner-col{column-gap:var(--global-kb-gap-sm, 1rem);}.kadence-column_ac8c04-ea > .kt-inside-inner-col{flex-direction:column;}.kadence-column_ac8c04-ea > .kt-inside-inner-col > .aligncenter{width:100%;}.kadence-column_ac8c04-ea > .kt-inside-inner-col:before{opacity:0.3;}.kadence-column_ac8c04-ea{position:relative;}@media all and (max-width: 1024px){.kadence-column_ac8c04-ea > .kt-inside-inner-col{flex-direction:column;justify-content:center;}}@media all and (max-width: 767px){.kadence-column_ac8c04-ea > .kt-inside-inner-col{flex-direction:column;justify-content:center;}}<\/style>\n<div class=\"wp-block-kadence-column inner-column-1 kadence-column_ac8c04-ea\"><div class=\"kt-inside-inner-col\"><style>.wp-block-kadence-advancedheading.kt-adv-heading_d5d79a-4b, .wp-block-kadence-advancedheading.kt-adv-heading_d5d79a-4b[data-kb-block=\"kb-adv-heading_d5d79a-4b\"]{text-align:center;font-size:3.5em;line-height:1.5em;font-style:normal;color:#fff;}.wp-block-kadence-advancedheading.kt-adv-heading_d5d79a-4b mark.kt-highlight, .wp-block-kadence-advancedheading.kt-adv-heading_d5d79a-4b[data-kb-block=\"kb-adv-heading_d5d79a-4b\"] mark.kt-highlight{font-style:normal;color:#f76a0c;-webkit-box-decoration-break:clone;box-decoration-break:clone;padding-top:0px;padding-right:0px;padding-bottom:0px;padding-left:0px;}.wp-block-kadence-advancedheading.kt-adv-heading_d5d79a-4b img.kb-inline-image, .wp-block-kadence-advancedheading.kt-adv-heading_d5d79a-4b[data-kb-block=\"kb-adv-heading_d5d79a-4b\"] img.kb-inline-image{width:150px;vertical-align:baseline;}@media all and (max-width: 767px){.wp-block-kadence-advancedheading.kt-adv-heading_d5d79a-4b, .wp-block-kadence-advancedheading.kt-adv-heading_d5d79a-4b[data-kb-block=\"kb-adv-heading_d5d79a-4b\"]{font-size:2.8em;}}<\/style>\n<h1 class=\"kt-adv-heading_d5d79a-4b wp-block-kadence-advancedheading\" data-kb-block=\"kb-adv-heading_d5d79a-4b\">Guide culturel<\/h1>\n\n\n<style>.wp-block-kadence-advancedheading.kt-adv-heading_0adf55-fd, .wp-block-kadence-advancedheading.kt-adv-heading_0adf55-fd[data-kb-block=\"kb-adv-heading_0adf55-fd\"]{text-align:center;font-style:normal;}.wp-block-kadence-advancedheading.kt-adv-heading_0adf55-fd mark.kt-highlight, .wp-block-kadence-advancedheading.kt-adv-heading_0adf55-fd[data-kb-block=\"kb-adv-heading_0adf55-fd\"] mark.kt-highlight{font-style:normal;color:#f76a0c;-webkit-box-decoration-break:clone;box-decoration-break:clone;padding-top:0px;padding-right:0px;padding-bottom:0px;padding-left:0px;}.wp-block-kadence-advancedheading.kt-adv-heading_0adf55-fd img.kb-inline-image, .wp-block-kadence-advancedheading.kt-adv-heading_0adf55-fd[data-kb-block=\"kb-adv-heading_0adf55-fd\"] img.kb-inline-image{width:150px;vertical-align:baseline;}<\/style>\n<p class=\"kt-adv-heading_0adf55-fd wp-block-kadence-advancedheading has-theme-palette-9-color has-text-color\" data-kb-block=\"kb-adv-heading_0adf55-fd\">Guide culturel \u00e0 Tachkent<\/p>\n\n\n<style>.wp-block-kadence-advancedbtn.kb-btns_248321-5a{gap:var(--global-kb-gap-xs, 0.5rem );justify-content:center;align-items:center;}.kt-btns_248321-5a .kt-button{font-weight:normal;font-style:normal;}.wp-block-kadence-advancedbtn.kt-btns_248321-5a .kt-btn-wrap-0 .kt-button{color:#fff;font-size:18px;background:transparent;border-color:#fff;border-style:solid;}.wp-block-kadence-advancedbtn.kt-btns_248321-5a .kt-btn-wrap-0 .kt-button:hover, .wp-block-kadence-advancedbtn.kt-btns_248321-5a .kt-btn-wrap-0 .kt-button:focus{color:#fff;border-color:#008c9e;}.wp-block-kadence-advancedbtn.kt-btns_248321-5a .kt-btn-wrap-0 .kt-button::before{display:none;}.wp-block-kadence-advancedbtn.kt-btns_248321-5a .kt-btn-wrap-0 .kt-button:hover, .wp-block-kadence-advancedbtn.kt-btns_248321-5a .kt-btn-wrap-0 .kt-button:focus{background:#008c9e;}<\/style>\n<div class=\"wp-block-kadence-advancedbtn kt-btn-align-center kt-btn-tablet-align-inherit kt-btn-mobile-align-inherit kt-btns-wrap kt-btns_248321-5a\"><div class=\"kt-btn-wrap kt-btn-wrap-0\"><a class=\"kt-button button kt-btn-0-action kt-btn-size-custom kt-btn-style-basic kt-btn-svg-show-always kt-btn-has-text-true kt-btn-has-svg-false\" href=\"https:\/\/interpreter.uz\/en\/contact-us\/\" style=\"border-radius:3px;border-width:2px\"><span class=\"kt-btn-inner-text\">Nous contacter<\/span><\/a><\/div><\/div>\n<\/div><\/div>\n<\/div><\/div><\/div>\n\n\n<style>#kt-layout-id_563fe9-5c > .kt-row-column-wrap{align-content:start;}:where(#kt-layout-id_563fe9-5c > .kt-row-column-wrap) > .wp-block-kadence-column{justify-content:start;}#kt-layout-id_563fe9-5c > .kt-row-column-wrap{column-gap:var(--global-kb-gap-md, 2rem);row-gap:var(--global-kb-gap-md, 2rem);max-width:var( --global-content-width, 1290px );padding-left:var(--global-content-edge-padding);padding-right:var(--global-content-edge-padding);padding-top:var( --global-kb-row-default-top, 25px );padding-bottom:var( --global-kb-row-default-bottom, 25px );padding-top:75px;padding-bottom:75px;padding-left:25px;padding-right:25px;grid-template-columns:minmax(0, 1fr);}#kt-layout-id_563fe9-5c > .kt-row-layout-overlay{opacity:0.30;}@media all and (max-width: 1024px){#kt-layout-id_563fe9-5c > .kt-row-column-wrap{grid-template-columns:minmax(0, 1fr);}}@media all and (max-width: 767px){#kt-layout-id_563fe9-5c > .kt-row-column-wrap{grid-template-columns:minmax(0, 1fr);}}<\/style>\n<div class=\"wp-block-kadence-rowlayout alignnone\"><div id=\"kt-layout-id_563fe9-5c\" class=\"kt-row-layout-inner kt-layout-id_563fe9-5c\"><div class=\"kt-row-column-wrap kt-has-1-columns kt-gutter-default kt-v-gutter-default kt-row-valign-top kt-row-layout-equal kt-tab-layout-inherit kt-m-colapse-left-to-right kt-mobile-layout-row kb-theme-content-width\"><style>.kadence-column_9df66a-90 > .kt-inside-inner-col{border-top-width:0px;border-right-width:0px;border-bottom-width:0px;border-left-width:0px;}.kadence-column_9df66a-90 > .kt-inside-inner-col,.kadence-column_9df66a-90 > .kt-inside-inner-col:before{border-top-left-radius:0px;border-top-right-radius:0px;border-bottom-right-radius:0px;border-bottom-left-radius:0px;}.kadence-column_9df66a-90 > .kt-inside-inner-col{column-gap:var(--global-kb-gap-sm, 1rem);}.kadence-column_9df66a-90 > .kt-inside-inner-col{flex-direction:column;}.kadence-column_9df66a-90 > .kt-inside-inner-col > .aligncenter{width:100%;}.kadence-column_9df66a-90 > .kt-inside-inner-col:before{opacity:0.3;}.kadence-column_9df66a-90{position:relative;}@media all and (max-width: 1024px){.kadence-column_9df66a-90 > .kt-inside-inner-col{flex-direction:column;justify-content:center;}}@media all and (max-width: 767px){.kadence-column_9df66a-90 > .kt-inside-inner-col{flex-direction:column;justify-content:center;}}<\/style>\n<div class=\"wp-block-kadence-column inner-column-1 kadence-column_9df66a-90\"><div class=\"kt-inside-inner-col\"><style>.wp-block-kadence-advancedheading.kt-adv-heading_b8b352-14, .wp-block-kadence-advancedheading.kt-adv-heading_b8b352-14[data-kb-block=\"kb-adv-heading_b8b352-14\"]{font-style:normal;}.wp-block-kadence-advancedheading.kt-adv-heading_b8b352-14 mark.kt-highlight, .wp-block-kadence-advancedheading.kt-adv-heading_b8b352-14[data-kb-block=\"kb-adv-heading_b8b352-14\"] mark.kt-highlight{font-style:normal;color:#f76a0c;-webkit-box-decoration-break:clone;box-decoration-break:clone;padding-top:0px;padding-right:0px;padding-bottom:0px;padding-left:0px;}.wp-block-kadence-advancedheading.kt-adv-heading_b8b352-14 img.kb-inline-image, .wp-block-kadence-advancedheading.kt-adv-heading_b8b352-14[data-kb-block=\"kb-adv-heading_b8b352-14\"] img.kb-inline-image{width:150px;vertical-align:baseline;}<\/style>\n<h2 class=\"kt-adv-heading_b8b352-14 wp-block-kadence-advancedheading\" data-kb-block=\"kb-adv-heading_b8b352-14\">Guide culturel<\/h2>\n\n\n<style>.wp-block-kadence-advancedheading.kt-adv-heading_7c2eed-7c, .wp-block-kadence-advancedheading.kt-adv-heading_7c2eed-7c[data-kb-block=\"kb-adv-heading_7c2eed-7c\"]{font-style:normal;}.wp-block-kadence-advancedheading.kt-adv-heading_7c2eed-7c mark.kt-highlight, .wp-block-kadence-advancedheading.kt-adv-heading_7c2eed-7c[data-kb-block=\"kb-adv-heading_7c2eed-7c\"] mark.kt-highlight{font-style:normal;color:#f76a0c;-webkit-box-decoration-break:clone;box-decoration-break:clone;padding-top:0px;padding-right:0px;padding-bottom:0px;padding-left:0px;}.wp-block-kadence-advancedheading.kt-adv-heading_7c2eed-7c img.kb-inline-image, .wp-block-kadence-advancedheading.kt-adv-heading_7c2eed-7c[data-kb-block=\"kb-adv-heading_7c2eed-7c\"] img.kb-inline-image{width:150px;vertical-align:baseline;}<\/style>\n<p class=\"kt-adv-heading_7c2eed-7c wp-block-kadence-advancedheading\" data-kb-block=\"kb-adv-heading_7c2eed-7c\">Un guide culturel ou autrement dit guide-conf\u00e9rencier\u00a0est un expert multidisciplinaire qui parle couramment une ou plusieurs langues \u00e9trang\u00e8res et dont les t\u00e2ches consistent \u00e0 accueillir les visiteurs et leur faire d\u00e9couvrir les beaux lieux d&rsquo;int\u00e9r\u00eat \u00e0 visiter en Ouzb\u00e9kistan. Guide culturel donne des renseignements pertinents sur les lieux d&rsquo;int\u00e9r\u00eat qui sont sur le circuit des voyageurs. Lors d&rsquo;excursions organis\u00e9es \u00e0 Tachkent, Samarkand, Boukhara, Khiva et dans d&rsquo;autres villes d&rsquo;Ouzb\u00e9kistan, le guide culturel fait d\u00e9couvrir aux visiteurs des joyaux architecturaux, des mus\u00e9es, des ateliers d&rsquo;artisanat, etc. Le guide culturel partage \u00e9galement avec les voyageurs les faits les plus int\u00e9ressants sur la riche histoire du pays, sa culture et sa vie moderne \u00e0 travers des histoires fascinantes et m\u00e9morables qui aideront aux voyageurs \u00e0 tirer le meilleur parti de leur s\u00e9jour dans notre magnifique et hospitalier pays. <\/p>\n<\/div><\/div>\n<\/div><\/div><\/div>\n","protected":false},"excerpt":{"rendered":"<p>Guide culturel Guide culturel \u00e0 Tachkent Guide culturel Un guide culturel ou autrement dit guide-conf\u00e9rencier\u00a0est un expert multidisciplinaire qui parle couramment une ou plusieurs langues \u00e9trang\u00e8res et dont les t\u00e2ches consistent \u00e0 accueillir les visiteurs et leur faire d\u00e9couvrir les beaux lieux d&rsquo;int\u00e9r\u00eat \u00e0 visiter en Ouzb\u00e9kistan. Guide culturel donne des renseignements pertinents sur les&#8230;<\/p>\n","protected":false},"author":3,"featured_media":0,"parent":949,"menu_order":2,"comment_status":"closed","ping_status":"closed","template":"","meta":{"_kad_blocks_custom_css":"","_kad_blocks_head_custom_js":"","_kad_blocks_body_custom_js":"","_kad_blocks_footer_custom_js":"","_kadence_starter_templates_imported_post":false,"_kad_post_transparent":"","_kad_post_title":"","_kad_post_layout":"fullwidth","_kad_post_sidebar_id":"","_kad_post_content_style":"","_kad_post_vertical_padding":"","_kad_post_feature":"","_kad_post_feature_position":"","_kad_post_header":false,"_kad_post_footer":false,"_kad_post_classname":"","footnotes":""},"class_list":["post-978","page","type-page","status-publish","hentry"],"taxonomy_info":[],"featured_image_src_large":false,"author_info":{"display_name":"Sandjar","author_link":"https:\/\/interpreter.uz\/fr\/author\/sandjar\/"},"comment_info":0,"_links":{"self":[{"href":"https:\/\/interpreter.uz\/fr\/wp-json\/wp\/v2\/pages\/978","targetHints":{"allow":["GET"]}}],"collection":[{"href":"https:\/\/interpreter.uz\/fr\/wp-json\/wp\/v2\/pages"}],"about":[{"href":"https:\/\/interpreter.uz\/fr\/wp-json\/wp\/v2\/types\/page"}],"author":[{"embeddable":true,"href":"https:\/\/interpreter.uz\/fr\/wp-json\/wp\/v2\/users\/3"}],"replies":[{"embeddable":true,"href":"https:\/\/interpreter.uz\/fr\/wp-json\/wp\/v2\/comments?post=978"}],"version-history":[{"count":0,"href":"https:\/\/interpreter.uz\/fr\/wp-json\/wp\/v2\/pages\/978\/revisions"}],"up":[{"embeddable":true,"href":"https:\/\/interpreter.uz\/fr\/wp-json\/wp\/v2\/pages\/949"}],"wp:attachment":[{"href":"https:\/\/interpreter.uz\/fr\/wp-json\/wp\/v2\/media?parent=978"}],"curies":[{"name":"wp","href":"https:\/\/api.w.org\/{rel}","templated":true}]}}