{"id":714,"date":"2021-11-03T15:23:04","date_gmt":"2021-11-03T10:23:04","guid":{"rendered":"https:\/\/interpreter.uz\/interpretazione-consecutiva\/"},"modified":"2022-05-03T14:26:44","modified_gmt":"2022-05-03T09:26:44","slug":"interpretazione-consecutiva","status":"publish","type":"page","link":"https:\/\/interpreter.uz\/it\/servizi\/interpretariato\/interpretazione-consecutiva\/","title":{"rendered":"Interpretazione consecutiva"},"content":{"rendered":"<style>#kt-layout-id_7661b8-20 > .kt-row-column-wrap{align-content:center;}:where(#kt-layout-id_7661b8-20 > .kt-row-column-wrap) > .wp-block-kadence-column{justify-content:center;}#kt-layout-id_7661b8-20 > .kt-row-column-wrap{column-gap:var(--global-kb-gap-md, 2rem);row-gap:var(--global-kb-gap-md, 2rem);padding-top:var( --global-kb-row-default-top, 25px );padding-bottom:var( --global-kb-row-default-bottom, 25px );padding-top:100px;padding-bottom:100px;min-height:500px;grid-template-columns:minmax(0, 1fr);}#kt-layout-id_7661b8-20{background-image:url('https:\/\/interpreter.uz\/wp-content\/uploads\/2021\/12\/consecutive-interpreting.webp');background-size:cover;background-position:50% 35%;background-attachment:scroll;background-repeat:no-repeat;}#kt-layout-id_7661b8-20 > .kt-row-layout-overlay{opacity:0.50;background-color:#008c9e;mix-blend-mode:normal;}@media all and (max-width: 1024px){#kt-layout-id_7661b8-20 > .kt-row-column-wrap{grid-template-columns:minmax(0, 1fr);}}@media all and (max-width: 767px){#kt-layout-id_7661b8-20 > .kt-row-column-wrap{grid-template-columns:minmax(0, 1fr);}}<\/style>\n<div class=\"wp-block-kadence-rowlayout alignnone\"><div id=\"kt-layout-id_7661b8-20\" class=\"kt-row-layout-inner kt-row-has-bg kt-layout-id_7661b8-20\"><div class=\"kt-row-layout-overlay kt-row-overlay-normal\"><\/div><div class=\"kt-row-column-wrap kt-has-1-columns kt-gutter-default kt-v-gutter-default kt-row-valign-middle kt-row-layout-equal kt-tab-layout-inherit kt-m-colapse-left-to-right kt-mobile-layout-row\"><style>.kadence-column_82e695-4d > .kt-inside-inner-col{border-top-width:0px;border-right-width:0px;border-bottom-width:0px;border-left-width:0px;}.kadence-column_82e695-4d > .kt-inside-inner-col,.kadence-column_82e695-4d > .kt-inside-inner-col:before{border-top-left-radius:0px;border-top-right-radius:0px;border-bottom-right-radius:0px;border-bottom-left-radius:0px;}.kadence-column_82e695-4d > .kt-inside-inner-col{column-gap:var(--global-kb-gap-sm, 1rem);}.kadence-column_82e695-4d > .kt-inside-inner-col{flex-direction:column;}.kadence-column_82e695-4d > .kt-inside-inner-col > .aligncenter{width:100%;}.kadence-column_82e695-4d > .kt-inside-inner-col:before{opacity:0.3;}.kadence-column_82e695-4d{position:relative;}@media all and (max-width: 1024px){.kadence-column_82e695-4d > .kt-inside-inner-col{flex-direction:column;justify-content:center;}}@media all and (max-width: 767px){.kadence-column_82e695-4d > .kt-inside-inner-col{flex-direction:column;justify-content:center;}}<\/style>\n<div class=\"wp-block-kadence-column inner-column-1 kadence-column_82e695-4d\"><div class=\"kt-inside-inner-col\"><style>.wp-block-kadence-advancedheading.kt-adv-heading_e1f613-f2, .wp-block-kadence-advancedheading.kt-adv-heading_e1f613-f2[data-kb-block=\"kb-adv-heading_e1f613-f2\"]{text-align:center;font-size:3.5em;line-height:1.5em;font-style:normal;color:#fff;}.wp-block-kadence-advancedheading.kt-adv-heading_e1f613-f2 mark.kt-highlight, .wp-block-kadence-advancedheading.kt-adv-heading_e1f613-f2[data-kb-block=\"kb-adv-heading_e1f613-f2\"] mark.kt-highlight{font-style:normal;color:#f76a0c;-webkit-box-decoration-break:clone;box-decoration-break:clone;padding-top:0px;padding-right:0px;padding-bottom:0px;padding-left:0px;}.wp-block-kadence-advancedheading.kt-adv-heading_e1f613-f2 img.kb-inline-image, .wp-block-kadence-advancedheading.kt-adv-heading_e1f613-f2[data-kb-block=\"kb-adv-heading_e1f613-f2\"] img.kb-inline-image{width:150px;vertical-align:baseline;}@media all and (max-width: 767px){.wp-block-kadence-advancedheading.kt-adv-heading_e1f613-f2, .wp-block-kadence-advancedheading.kt-adv-heading_e1f613-f2[data-kb-block=\"kb-adv-heading_e1f613-f2\"]{font-size:2.8em;}}<\/style>\n<h1 class=\"kt-adv-heading_e1f613-f2 wp-block-kadence-advancedheading\" data-kb-block=\"kb-adv-heading_e1f613-f2\"> Interpretazione consecutiva <\/h1>\n\n\n\n<p class=\"has-text-align-center has-white-color has-text-color\"> Interpretazione consecutiva a Tashkent <\/p>\n\n\n<style>.wp-block-kadence-advancedbtn.kb-btns_20cfbb-02{gap:var(--global-kb-gap-xs, 0.5rem );justify-content:center;align-items:center;}.kt-btns_20cfbb-02 .kt-button{font-weight:normal;font-style:normal;}.wp-block-kadence-advancedbtn.kt-btns_20cfbb-02 .kt-btn-wrap-0 .kt-button{color:#fff;font-size:18px;background:transparent;border-color:#fff;border-style:solid;}.wp-block-kadence-advancedbtn.kt-btns_20cfbb-02 .kt-btn-wrap-0 .kt-button:hover, .wp-block-kadence-advancedbtn.kt-btns_20cfbb-02 .kt-btn-wrap-0 .kt-button:focus{color:#fff;border-color:#008c9e;}.wp-block-kadence-advancedbtn.kt-btns_20cfbb-02 .kt-btn-wrap-0 .kt-button::before{display:none;}.wp-block-kadence-advancedbtn.kt-btns_20cfbb-02 .kt-btn-wrap-0 .kt-button:hover, .wp-block-kadence-advancedbtn.kt-btns_20cfbb-02 .kt-btn-wrap-0 .kt-button:focus{background:#008c9e;}<\/style>\n<div class=\"wp-block-kadence-advancedbtn kt-btn-align-center kt-btn-tablet-align-inherit kt-btn-mobile-align-inherit kt-btns-wrap kt-btns_20cfbb-02\"><div class=\"kt-btn-wrap kt-btn-wrap-0\"><a class=\"kt-button button kt-btn-0-action kt-btn-size-custom kt-btn-style-basic kt-btn-svg-show-always kt-btn-has-text-true kt-btn-has-svg-false\" href=\"https:\/\/interpreter.uz\/en\/contact-us\/\" style=\"border-radius:3px;border-width:2px\"><span class=\"kt-btn-inner-text\">Contattaci<\/span><\/a><\/div><\/div>\n<\/div><\/div>\n<\/div><\/div><\/div>\n\n\n<style>#kt-layout-id_09541c-db > .kt-row-column-wrap{align-content:start;}:where(#kt-layout-id_09541c-db > .kt-row-column-wrap) > .wp-block-kadence-column{justify-content:start;}#kt-layout-id_09541c-db > .kt-row-column-wrap{column-gap:var(--global-kb-gap-md, 2rem);row-gap:var(--global-kb-gap-md, 2rem);max-width:var( --global-content-width, 1290px );padding-left:var(--global-content-edge-padding);padding-right:var(--global-content-edge-padding);padding-top:var( --global-kb-row-default-top, 25px );padding-bottom:var( --global-kb-row-default-bottom, 25px );padding-top:75px;padding-bottom:75px;padding-left:25px;padding-right:25px;grid-template-columns:minmax(0, 1fr);}#kt-layout-id_09541c-db > .kt-row-layout-overlay{opacity:0.30;}#kt-layout-id_09541c-db .kt-row-layout-bottom-sep{height:100px;}#kt-layout-id_09541c-db .kt-row-layout-bottom-sep svg{width:100%;}#kt-layout-id_09541c-db .kt-row-layout-bottom-sep svg{fill:#ffffff!important;}@media all and (max-width: 1024px){#kt-layout-id_09541c-db > .kt-row-column-wrap{grid-template-columns:minmax(0, 1fr);}}@media all and (max-width: 1024px){#kt-layout-id_09541c-db .kt-row-layout-bottom-sep{height:px;}}@media all and (max-width: 1024px){#kt-layout-id_09541c-db .kt-row-layout-bottom-sep svg{width:%;}}@media all and (max-width: 767px){#kt-layout-id_09541c-db > .kt-row-column-wrap{grid-template-columns:minmax(0, 1fr);}#kt-layout-id_09541c-db .kt-row-layout-bottom-sep{height:px;}#kt-layout-id_09541c-db .kt-row-layout-bottom-sep svg{width:%;}}<\/style>\n<div class=\"wp-block-kadence-rowlayout alignnone\"><div id=\"kt-layout-id_09541c-db\" class=\"kt-row-layout-inner kt-layout-id_09541c-db\"><div class=\"kt-row-column-wrap kt-has-1-columns kt-gutter-default kt-v-gutter-default kt-row-valign-top kt-row-layout-equal kt-tab-layout-inherit kt-m-colapse-left-to-right kt-mobile-layout-row kb-theme-content-width\"><style>.kadence-column_cbd978-e6 > .kt-inside-inner-col{border-top-width:0px;border-right-width:0px;border-bottom-width:0px;border-left-width:0px;}.kadence-column_cbd978-e6 > .kt-inside-inner-col,.kadence-column_cbd978-e6 > .kt-inside-inner-col:before{border-top-left-radius:0px;border-top-right-radius:0px;border-bottom-right-radius:0px;border-bottom-left-radius:0px;}.kadence-column_cbd978-e6 > .kt-inside-inner-col{column-gap:var(--global-kb-gap-sm, 1rem);}.kadence-column_cbd978-e6 > .kt-inside-inner-col{flex-direction:column;}.kadence-column_cbd978-e6 > .kt-inside-inner-col > .aligncenter{width:100%;}.kadence-column_cbd978-e6 > .kt-inside-inner-col:before{opacity:0.3;}.kadence-column_cbd978-e6{position:relative;}@media all and (max-width: 1024px){.kadence-column_cbd978-e6 > .kt-inside-inner-col{flex-direction:column;justify-content:center;}}@media all and (max-width: 767px){.kadence-column_cbd978-e6 > .kt-inside-inner-col{flex-direction:column;justify-content:center;}}<\/style>\n<div class=\"wp-block-kadence-column inner-column-1 kadence-column_cbd978-e6\"><div class=\"kt-inside-inner-col\"><style>.kb-table-of-content-nav.kb-table-of-content-id_44c8b4-16 .kb-table-of-content-wrap{padding-top:var(--global-kb-spacing-sm, 1.5rem);padding-right:var(--global-kb-spacing-sm, 1.5rem);padding-bottom:var(--global-kb-spacing-sm, 1.5rem);padding-left:var(--global-kb-spacing-sm, 1.5rem);}.kb-table-of-content-nav.kb-table-of-content-id_44c8b4-16 .kb-table-of-contents-title-wrap{padding-top:0px;padding-right:0px;padding-bottom:0px;padding-left:0px;}.kb-table-of-content-nav.kb-table-of-content-id_44c8b4-16 .kb-table-of-contents-title{font-weight:regular;font-style:normal;text-transform:none;}.kb-table-of-content-nav.kb-table-of-content-id_44c8b4-16 .kb-table-of-content-wrap .kb-table-of-content-list{font-weight:regular;font-style:normal;margin-top:var(--global-kb-spacing-sm, 1.5rem);margin-right:0px;margin-bottom:0px;margin-left:0px;}<\/style>\n\n<style>.wp-block-kadence-advancedheading.kt-adv-heading_29c611-3c, .wp-block-kadence-advancedheading.kt-adv-heading_29c611-3c[data-kb-block=\"kb-adv-heading_29c611-3c\"]{font-style:normal;}.wp-block-kadence-advancedheading.kt-adv-heading_29c611-3c mark.kt-highlight, .wp-block-kadence-advancedheading.kt-adv-heading_29c611-3c[data-kb-block=\"kb-adv-heading_29c611-3c\"] mark.kt-highlight{font-style:normal;color:#f76a0c;-webkit-box-decoration-break:clone;box-decoration-break:clone;padding-top:0px;padding-right:0px;padding-bottom:0px;padding-left:0px;}.wp-block-kadence-advancedheading.kt-adv-heading_29c611-3c img.kb-inline-image, .wp-block-kadence-advancedheading.kt-adv-heading_29c611-3c[data-kb-block=\"kb-adv-heading_29c611-3c\"] img.kb-inline-image{width:150px;vertical-align:baseline;}<\/style>\n<h2 id=\"Posledovatel'nyj-perevod\" class=\"kt-adv-heading_29c611-3c wp-block-kadence-advancedheading\" data-kb-block=\"kb-adv-heading_29c611-3c\">Interpretazione consecutiva<\/h2>\n\n\n<style>.wp-block-kadence-advancedheading.kt-adv-heading_fda82c-66, .wp-block-kadence-advancedheading.kt-adv-heading_fda82c-66[data-kb-block=\"kb-adv-heading_fda82c-66\"]{font-style:normal;}.wp-block-kadence-advancedheading.kt-adv-heading_fda82c-66 mark.kt-highlight, .wp-block-kadence-advancedheading.kt-adv-heading_fda82c-66[data-kb-block=\"kb-adv-heading_fda82c-66\"] mark.kt-highlight{font-style:normal;color:#f76a0c;-webkit-box-decoration-break:clone;box-decoration-break:clone;padding-top:0px;padding-right:0px;padding-bottom:0px;padding-left:0px;}.wp-block-kadence-advancedheading.kt-adv-heading_fda82c-66 img.kb-inline-image, .wp-block-kadence-advancedheading.kt-adv-heading_fda82c-66[data-kb-block=\"kb-adv-heading_fda82c-66\"] img.kb-inline-image{width:150px;vertical-align:baseline;}<\/style>\n<p class=\"kt-adv-heading_fda82c-66 wp-block-kadence-advancedheading\" data-kb-block=\"kb-adv-heading_fda82c-66\">L&#8217;interpretazione consecutiva \u00e8 un tipo, una tecnica d\u2019interpretazione in cui il relatore e l&#8217;interprete parlano alternandosi. Cos\u00ec, l&#8217;interprete pu\u00f2 tradurre dopo che il relatore ha pronunciato una certa parte del discorso o della presentazione e ha fatto una pausa, ha taciuto permettendo all&#8217;interprete di rendere, di interpretare ci\u00f2 che \u00e8 stato detto nella lingua di arrivo, cio\u00e8 nella lingua del publico. Esistono cinque principali tipologie di interpretazione consecutiva: interpretazione consecutiva in discorsi o frasi separati in cui l&#8217;interprete traduce una o due frasi, interpretazione consecutiva in paragrafi separati in cui l&#8217;interprete traduce pi\u00f9 di due\/tre frasi, interpretazione consecutiva con presa di appunti,  interpretazione consecutiva a vista e interpretazione consecutiva bilaterale o di trattativa.  <\/p>\n\n\n<style>.wp-block-kadence-advancedheading.kt-adv-heading_955a73-cc, .wp-block-kadence-advancedheading.kt-adv-heading_955a73-cc[data-kb-block=\"kb-adv-heading_955a73-cc\"]{font-style:normal;}.wp-block-kadence-advancedheading.kt-adv-heading_955a73-cc mark.kt-highlight, .wp-block-kadence-advancedheading.kt-adv-heading_955a73-cc[data-kb-block=\"kb-adv-heading_955a73-cc\"] mark.kt-highlight{font-style:normal;color:#f76a0c;-webkit-box-decoration-break:clone;box-decoration-break:clone;padding-top:0px;padding-right:0px;padding-bottom:0px;padding-left:0px;}.wp-block-kadence-advancedheading.kt-adv-heading_955a73-cc img.kb-inline-image, .wp-block-kadence-advancedheading.kt-adv-heading_955a73-cc[data-kb-block=\"kb-adv-heading_955a73-cc\"] img.kb-inline-image{width:150px;vertical-align:baseline;}<\/style>\n<h2 id=\"Pofrazovyj-posledovatelnyj-perevod\" class=\"kt-adv-heading_955a73-cc wp-block-kadence-advancedheading\" data-kb-block=\"kb-adv-heading_955a73-cc\">Interpretazione consecutiva frasale<\/h2>\n\n\n<style>.wp-block-kadence-advancedheading.kt-adv-heading_c95110-07, .wp-block-kadence-advancedheading.kt-adv-heading_c95110-07[data-kb-block=\"kb-adv-heading_c95110-07\"]{font-style:normal;}.wp-block-kadence-advancedheading.kt-adv-heading_c95110-07 mark.kt-highlight, .wp-block-kadence-advancedheading.kt-adv-heading_c95110-07[data-kb-block=\"kb-adv-heading_c95110-07\"] mark.kt-highlight{font-style:normal;color:#f76a0c;-webkit-box-decoration-break:clone;box-decoration-break:clone;padding-top:0px;padding-right:0px;padding-bottom:0px;padding-left:0px;}.wp-block-kadence-advancedheading.kt-adv-heading_c95110-07 img.kb-inline-image, .wp-block-kadence-advancedheading.kt-adv-heading_c95110-07[data-kb-block=\"kb-adv-heading_c95110-07\"] img.kb-inline-image{width:150px;vertical-align:baseline;}<\/style>\n<p class=\"kt-adv-heading_c95110-07 wp-block-kadence-advancedheading\" data-kb-block=\"kb-adv-heading_c95110-07\">Nel caso dell\u2019interpretazione consecutiva frasale, l&#8217;oratore fa un discorso composto da una o due frasi logicamente complete, dopodich\u00e9 fa una pausa consentendo all&#8217;interprete di restituire il messaggio agli ascoltatori nella lingua di arrivo.<\/p>\n\n\n<style>.wp-block-kadence-advancedheading.kt-adv-heading_67af33-11, .wp-block-kadence-advancedheading.kt-adv-heading_67af33-11[data-kb-block=\"kb-adv-heading_67af33-11\"]{font-style:normal;}.wp-block-kadence-advancedheading.kt-adv-heading_67af33-11 mark.kt-highlight, .wp-block-kadence-advancedheading.kt-adv-heading_67af33-11[data-kb-block=\"kb-adv-heading_67af33-11\"] mark.kt-highlight{font-style:normal;color:#f76a0c;-webkit-box-decoration-break:clone;box-decoration-break:clone;padding-top:0px;padding-right:0px;padding-bottom:0px;padding-left:0px;}.wp-block-kadence-advancedheading.kt-adv-heading_67af33-11 img.kb-inline-image, .wp-block-kadence-advancedheading.kt-adv-heading_67af33-11[data-kb-block=\"kb-adv-heading_67af33-11\"] img.kb-inline-image{width:150px;vertical-align:baseline;}<\/style>\n<h2 id=\"Abzacno-frazovyj-posledovatelnyj-perevod\" class=\"kt-adv-heading_67af33-11 wp-block-kadence-advancedheading\" data-kb-block=\"kb-adv-heading_67af33-11\">Interpretazione consecutiva in paragrafi separati<\/h2>\n\n\n<style>.wp-block-kadence-advancedheading.kt-adv-heading_d250a5-2c, .wp-block-kadence-advancedheading.kt-adv-heading_d250a5-2c[data-kb-block=\"kb-adv-heading_d250a5-2c\"]{font-style:normal;}.wp-block-kadence-advancedheading.kt-adv-heading_d250a5-2c mark.kt-highlight, .wp-block-kadence-advancedheading.kt-adv-heading_d250a5-2c[data-kb-block=\"kb-adv-heading_d250a5-2c\"] mark.kt-highlight{font-style:normal;color:#f76a0c;-webkit-box-decoration-break:clone;box-decoration-break:clone;padding-top:0px;padding-right:0px;padding-bottom:0px;padding-left:0px;}.wp-block-kadence-advancedheading.kt-adv-heading_d250a5-2c img.kb-inline-image, .wp-block-kadence-advancedheading.kt-adv-heading_d250a5-2c[data-kb-block=\"kb-adv-heading_d250a5-2c\"] img.kb-inline-image{width:150px;vertical-align:baseline;}<\/style>\n<p class=\"kt-adv-heading_d250a5-2c wp-block-kadence-advancedheading\" data-kb-block=\"kb-adv-heading_d250a5-2c\">Nel caso dell&#8217;interpretazione consecutiva in paragrafi separati l&#8217;oratore scompone il suo discorso in segmenti pi\u00f9 grandi con un&#8217;idea completa (paragrafi). L&#8217;interprete trasmette il significato delle informazioni in un&#8217;altra lingua dopo che l&#8217;oratore si \u00e8 fermato tra i paragrafi , cio\u00e8 a seguito dell\u2019intervento totale o parziale dell\u2019oratore. <\/p>\n\n\n<style>.wp-block-kadence-advancedheading.kt-adv-heading_ffeadc-d1, .wp-block-kadence-advancedheading.kt-adv-heading_ffeadc-d1[data-kb-block=\"kb-adv-heading_ffeadc-d1\"]{font-style:normal;}.wp-block-kadence-advancedheading.kt-adv-heading_ffeadc-d1 mark.kt-highlight, .wp-block-kadence-advancedheading.kt-adv-heading_ffeadc-d1[data-kb-block=\"kb-adv-heading_ffeadc-d1\"] mark.kt-highlight{font-style:normal;color:#f76a0c;-webkit-box-decoration-break:clone;box-decoration-break:clone;padding-top:0px;padding-right:0px;padding-bottom:0px;padding-left:0px;}.wp-block-kadence-advancedheading.kt-adv-heading_ffeadc-d1 img.kb-inline-image, .wp-block-kadence-advancedheading.kt-adv-heading_ffeadc-d1[data-kb-block=\"kb-adv-heading_ffeadc-d1\"] img.kb-inline-image{width:150px;vertical-align:baseline;}<\/style>\n<h2 id=\"Zritelno-ustnyj-posledovatelnyj-perevod\" class=\"kt-adv-heading_ffeadc-d1 wp-block-kadence-advancedheading\" data-kb-block=\"kb-adv-heading_ffeadc-d1\">Interpretazione a vista<\/h2>\n\n\n<style>.wp-block-kadence-advancedheading.kt-adv-heading_bea19f-90, .wp-block-kadence-advancedheading.kt-adv-heading_bea19f-90[data-kb-block=\"kb-adv-heading_bea19f-90\"]{font-style:normal;}.wp-block-kadence-advancedheading.kt-adv-heading_bea19f-90 mark.kt-highlight, .wp-block-kadence-advancedheading.kt-adv-heading_bea19f-90[data-kb-block=\"kb-adv-heading_bea19f-90\"] mark.kt-highlight{font-style:normal;color:#f76a0c;-webkit-box-decoration-break:clone;box-decoration-break:clone;padding-top:0px;padding-right:0px;padding-bottom:0px;padding-left:0px;}.wp-block-kadence-advancedheading.kt-adv-heading_bea19f-90 img.kb-inline-image, .wp-block-kadence-advancedheading.kt-adv-heading_bea19f-90[data-kb-block=\"kb-adv-heading_bea19f-90\"] img.kb-inline-image{width:150px;vertical-align:baseline;}<\/style>\n<p class=\"kt-adv-heading_bea19f-90 wp-block-kadence-advancedheading\" data-kb-block=\"kb-adv-heading_bea19f-90\">L&#8217;interprete traduce il discorso dell&#8217;oratore nella lingua di arrivo sia in frasi separate che in paragrafi avendo a portata di mano un foglio di carta su cui \u00e8 stampato il testo del discorso dell&#8217;oratore. L&#8217;interprete ha cos\u00ec la possibilit\u00e0 di percepire le informazioni non solo all\u2019orecchio, ma anche di leggere il discorso dell&#8217;oratore da un foglio di carta. Ambito di applicazione: seminari, conferenze, escursioni.  <\/p>\n\n\n<style>.wp-block-kadence-advancedheading.kt-adv-heading_8ff57e-e1, .wp-block-kadence-advancedheading.kt-adv-heading_8ff57e-e1[data-kb-block=\"kb-adv-heading_8ff57e-e1\"]{font-style:normal;}.wp-block-kadence-advancedheading.kt-adv-heading_8ff57e-e1 mark.kt-highlight, .wp-block-kadence-advancedheading.kt-adv-heading_8ff57e-e1[data-kb-block=\"kb-adv-heading_8ff57e-e1\"] mark.kt-highlight{font-style:normal;color:#f76a0c;-webkit-box-decoration-break:clone;box-decoration-break:clone;padding-top:0px;padding-right:0px;padding-bottom:0px;padding-left:0px;}.wp-block-kadence-advancedheading.kt-adv-heading_8ff57e-e1 img.kb-inline-image, .wp-block-kadence-advancedheading.kt-adv-heading_8ff57e-e1[data-kb-block=\"kb-adv-heading_8ff57e-e1\"] img.kb-inline-image{width:150px;vertical-align:baseline;}<\/style>\n<h2 id=\"Posledovatelnyj-perevod-s-zapisju\" class=\"kt-adv-heading_8ff57e-e1 wp-block-kadence-advancedheading\" data-kb-block=\"kb-adv-heading_8ff57e-e1\">Interpretazione con la presa di appunti<\/h2>\n\n\n<style>.wp-block-kadence-advancedheading.kt-adv-heading_d51555-0c, .wp-block-kadence-advancedheading.kt-adv-heading_d51555-0c[data-kb-block=\"kb-adv-heading_d51555-0c\"]{font-style:normal;}.wp-block-kadence-advancedheading.kt-adv-heading_d51555-0c mark.kt-highlight, .wp-block-kadence-advancedheading.kt-adv-heading_d51555-0c[data-kb-block=\"kb-adv-heading_d51555-0c\"] mark.kt-highlight{font-style:normal;color:#f76a0c;-webkit-box-decoration-break:clone;box-decoration-break:clone;padding-top:0px;padding-right:0px;padding-bottom:0px;padding-left:0px;}.wp-block-kadence-advancedheading.kt-adv-heading_d51555-0c img.kb-inline-image, .wp-block-kadence-advancedheading.kt-adv-heading_d51555-0c[data-kb-block=\"kb-adv-heading_d51555-0c\"] img.kb-inline-image{width:150px;vertical-align:baseline;}<\/style>\n<p class=\"kt-adv-heading_d51555-0c wp-block-kadence-advancedheading\" data-kb-block=\"kb-adv-heading_d51555-0c\">A causa dell&#8217;elevato carico posto sulla memoria a lungo termine in caso dell\u2019interpretazione consecutiva di grandi segmenti di discorso, di solito si ricorre all&#8217;uso di uno speciale sistema di presa di appunti. L&#8217;interprete deve sapere padroneggiare della strategia di presa di appunti per raccogliere e organizzare il discorso che sta ascoltando. <\/p>\n\n\n<style>.wp-block-kadence-advancedheading.kt-adv-heading_7f74ba-ad, .wp-block-kadence-advancedheading.kt-adv-heading_7f74ba-ad[data-kb-block=\"kb-adv-heading_7f74ba-ad\"]{font-style:normal;}.wp-block-kadence-advancedheading.kt-adv-heading_7f74ba-ad mark.kt-highlight, .wp-block-kadence-advancedheading.kt-adv-heading_7f74ba-ad[data-kb-block=\"kb-adv-heading_7f74ba-ad\"] mark.kt-highlight{font-style:normal;color:#f76a0c;-webkit-box-decoration-break:clone;box-decoration-break:clone;padding-top:0px;padding-right:0px;padding-bottom:0px;padding-left:0px;}.wp-block-kadence-advancedheading.kt-adv-heading_7f74ba-ad img.kb-inline-image, .wp-block-kadence-advancedheading.kt-adv-heading_7f74ba-ad[data-kb-block=\"kb-adv-heading_7f74ba-ad\"] img.kb-inline-image{width:150px;vertical-align:baseline;}<\/style>\n<h2 id=\"Dvuhstoronnij-posledovatelnyj-perevod\" class=\"kt-adv-heading_7f74ba-ad wp-block-kadence-advancedheading\" data-kb-block=\"kb-adv-heading_7f74ba-ad\">Interpretazione consecutiva bilaterale<\/h2>\n\n\n<style>.wp-block-kadence-advancedheading.kt-adv-heading_37c0f4-90, .wp-block-kadence-advancedheading.kt-adv-heading_37c0f4-90[data-kb-block=\"kb-adv-heading_37c0f4-90\"]{font-style:normal;}.wp-block-kadence-advancedheading.kt-adv-heading_37c0f4-90 mark.kt-highlight, .wp-block-kadence-advancedheading.kt-adv-heading_37c0f4-90[data-kb-block=\"kb-adv-heading_37c0f4-90\"] mark.kt-highlight{font-style:normal;color:#f76a0c;-webkit-box-decoration-break:clone;box-decoration-break:clone;padding-top:0px;padding-right:0px;padding-bottom:0px;padding-left:0px;}.wp-block-kadence-advancedheading.kt-adv-heading_37c0f4-90 img.kb-inline-image, .wp-block-kadence-advancedheading.kt-adv-heading_37c0f4-90[data-kb-block=\"kb-adv-heading_37c0f4-90\"] img.kb-inline-image{width:150px;vertical-align:baseline;}<\/style>\n<p class=\"kt-adv-heading_37c0f4-90 wp-block-kadence-advancedheading\" data-kb-block=\"kb-adv-heading_37c0f4-90\">Come indica il nome, l&#8217;interpretazione consecutiva bilaterale viene svolta in due direzioni &#8220;da&#8221; e &#8220;verso&#8221; la lingua di arrivo, consentendo una communicazione interlinguistica in tempo reale. L&#8217;interpretazione consecutiva bilaterale prevede la possibilit\u00e0 di interrompere l&#8217;intervento dell&#8217;oratore per chiarimenti ed \u00e8 pi\u00f9 adatta a condurre le trattative di qualsiasi livello in un clima confidenziale e amichevole. <\/p>\n<\/div><\/div>\n<\/div><\/div><\/div>\n","protected":false},"excerpt":{"rendered":"<p>Interpretazione consecutiva Interpretazione consecutiva a Tashkent Interpretazione consecutiva L&#8217;interpretazione consecutiva \u00e8 un tipo, una tecnica d\u2019interpretazione in cui il relatore e l&#8217;interprete parlano alternandosi. Cos\u00ec, l&#8217;interprete pu\u00f2 tradurre dopo che il relatore ha pronunciato una certa parte del discorso o della presentazione e ha fatto una pausa, ha taciuto permettendo all&#8217;interprete di rendere, di interpretare&#8230;<\/p>\n","protected":false},"author":3,"featured_media":700,"parent":743,"menu_order":0,"comment_status":"closed","ping_status":"closed","template":"","meta":{"_kad_blocks_custom_css":"","_kad_blocks_head_custom_js":"","_kad_blocks_body_custom_js":"","_kad_blocks_footer_custom_js":"","_kadence_starter_templates_imported_post":false,"_kad_post_transparent":"","_kad_post_title":"","_kad_post_layout":"fullwidth","_kad_post_sidebar_id":"","_kad_post_content_style":"","_kad_post_vertical_padding":"","_kad_post_feature":"","_kad_post_feature_position":"","_kad_post_header":false,"_kad_post_footer":false,"_kad_post_classname":"","footnotes":""},"class_list":["post-714","page","type-page","status-publish","has-post-thumbnail","hentry"],"taxonomy_info":[],"featured_image_src_large":["https:\/\/interpreter.uz\/wp-content\/uploads\/2021\/07\/courtroom-interpretation-1024x683.jpg",1024,683,true],"author_info":{"display_name":"Sandjar","author_link":"https:\/\/interpreter.uz\/it\/author\/sandjar\/"},"comment_info":0,"_links":{"self":[{"href":"https:\/\/interpreter.uz\/it\/wp-json\/wp\/v2\/pages\/714","targetHints":{"allow":["GET"]}}],"collection":[{"href":"https:\/\/interpreter.uz\/it\/wp-json\/wp\/v2\/pages"}],"about":[{"href":"https:\/\/interpreter.uz\/it\/wp-json\/wp\/v2\/types\/page"}],"author":[{"embeddable":true,"href":"https:\/\/interpreter.uz\/it\/wp-json\/wp\/v2\/users\/3"}],"replies":[{"embeddable":true,"href":"https:\/\/interpreter.uz\/it\/wp-json\/wp\/v2\/comments?post=714"}],"version-history":[{"count":0,"href":"https:\/\/interpreter.uz\/it\/wp-json\/wp\/v2\/pages\/714\/revisions"}],"up":[{"embeddable":true,"href":"https:\/\/interpreter.uz\/it\/wp-json\/wp\/v2\/pages\/743"}],"wp:featuredmedia":[{"embeddable":true,"href":"https:\/\/interpreter.uz\/it\/wp-json\/wp\/v2\/media\/700"}],"wp:attachment":[{"href":"https:\/\/interpreter.uz\/it\/wp-json\/wp\/v2\/media?parent=714"}],"curies":[{"name":"wp","href":"https:\/\/api.w.org\/{rel}","templated":true}]}}