{"id":821,"date":"2021-11-30T21:21:43","date_gmt":"2021-11-30T16:21:43","guid":{"rendered":"https:\/\/interpreter.uz\/translation-and-interpreting-services\/servizi-di-traduzione\/traduzione-legale\/"},"modified":"2022-06-22T13:37:02","modified_gmt":"2022-06-22T08:37:02","slug":"traduzione-legale","status":"publish","type":"page","link":"https:\/\/interpreter.uz\/it\/servizi\/traduzione\/traduzione-legale\/","title":{"rendered":"Traduzione legale"},"content":{"rendered":"<style>#kt-layout-id_e7e5af-9f > .kt-row-column-wrap{align-content:center;}:where(#kt-layout-id_e7e5af-9f > .kt-row-column-wrap) > .wp-block-kadence-column{justify-content:center;}#kt-layout-id_e7e5af-9f > .kt-row-column-wrap{column-gap:var(--global-kb-gap-md, 2rem);row-gap:var(--global-kb-gap-md, 2rem);padding-top:var( --global-kb-row-default-top, 25px );padding-bottom:var( --global-kb-row-default-bottom, 25px );padding-top:100px;padding-bottom:100px;min-height:500px;grid-template-columns:minmax(0, 1fr);}#kt-layout-id_e7e5af-9f{background-image:url('https:\/\/interpreter.uz\/wp-content\/uploads\/2022\/01\/legal-tanslation.webp');background-size:cover;background-position:54% 25%;background-attachment:scroll;background-repeat:no-repeat;}#kt-layout-id_e7e5af-9f > .kt-row-layout-overlay{opacity:0.40;background-color:var(--global-palette3, #1A202C);mix-blend-mode:normal;}@media all and (max-width: 1024px){#kt-layout-id_e7e5af-9f > .kt-row-column-wrap{grid-template-columns:minmax(0, 1fr);}}@media all and (max-width: 767px){#kt-layout-id_e7e5af-9f > .kt-row-column-wrap{grid-template-columns:minmax(0, 1fr);}}<\/style>\n<div class=\"wp-block-kadence-rowlayout alignnone\"><div id=\"kt-layout-id_e7e5af-9f\" class=\"kt-row-layout-inner kt-row-has-bg kt-layout-id_e7e5af-9f\"><div class=\"kt-row-layout-overlay kt-row-overlay-normal\"><\/div><div class=\"kt-row-column-wrap kt-has-1-columns kt-gutter-default kt-v-gutter-default kt-row-valign-middle kt-row-layout-equal kt-tab-layout-inherit kt-m-colapse-left-to-right kt-mobile-layout-row\"><style>.kadence-column_8a5aa6-e7 > .kt-inside-inner-col{border-top-width:0px;border-right-width:0px;border-bottom-width:0px;border-left-width:0px;}.kadence-column_8a5aa6-e7 > .kt-inside-inner-col,.kadence-column_8a5aa6-e7 > .kt-inside-inner-col:before{border-top-left-radius:0px;border-top-right-radius:0px;border-bottom-right-radius:0px;border-bottom-left-radius:0px;}.kadence-column_8a5aa6-e7 > .kt-inside-inner-col{column-gap:var(--global-kb-gap-sm, 1rem);}.kadence-column_8a5aa6-e7 > .kt-inside-inner-col{flex-direction:column;}.kadence-column_8a5aa6-e7 > .kt-inside-inner-col > .aligncenter{width:100%;}.kadence-column_8a5aa6-e7 > .kt-inside-inner-col:before{opacity:0.3;}.kadence-column_8a5aa6-e7{position:relative;}@media all and (max-width: 1024px){.kadence-column_8a5aa6-e7 > .kt-inside-inner-col{flex-direction:column;justify-content:center;}}@media all and (max-width: 767px){.kadence-column_8a5aa6-e7 > .kt-inside-inner-col{flex-direction:column;justify-content:center;}}<\/style>\n<div class=\"wp-block-kadence-column inner-column-1 kadence-column_8a5aa6-e7\"><div class=\"kt-inside-inner-col\"><style>.wp-block-kadence-advancedheading.kt-adv-heading_0a8721-ce, .wp-block-kadence-advancedheading.kt-adv-heading_0a8721-ce[data-kb-block=\"kb-adv-heading_0a8721-ce\"]{text-align:center;font-size:3.5em;line-height:1.5em;font-style:normal;color:#fff;}.wp-block-kadence-advancedheading.kt-adv-heading_0a8721-ce mark.kt-highlight, .wp-block-kadence-advancedheading.kt-adv-heading_0a8721-ce[data-kb-block=\"kb-adv-heading_0a8721-ce\"] mark.kt-highlight{font-style:normal;color:#f76a0c;-webkit-box-decoration-break:clone;box-decoration-break:clone;padding-top:0px;padding-right:0px;padding-bottom:0px;padding-left:0px;}.wp-block-kadence-advancedheading.kt-adv-heading_0a8721-ce img.kb-inline-image, .wp-block-kadence-advancedheading.kt-adv-heading_0a8721-ce[data-kb-block=\"kb-adv-heading_0a8721-ce\"] img.kb-inline-image{width:150px;vertical-align:baseline;}@media all and (max-width: 767px){.wp-block-kadence-advancedheading.kt-adv-heading_0a8721-ce, .wp-block-kadence-advancedheading.kt-adv-heading_0a8721-ce[data-kb-block=\"kb-adv-heading_0a8721-ce\"]{font-size:2.8em;}}<\/style>\n<h1 class=\"kt-adv-heading_0a8721-ce wp-block-kadence-advancedheading\" data-kb-block=\"kb-adv-heading_0a8721-ce\">Traduzione legale<\/h1>\n\n\n<style>.wp-block-kadence-advancedheading.kt-adv-heading_1aa716-05, .wp-block-kadence-advancedheading.kt-adv-heading_1aa716-05[data-kb-block=\"kb-adv-heading_1aa716-05\"]{text-align:center;font-style:normal;}.wp-block-kadence-advancedheading.kt-adv-heading_1aa716-05 mark.kt-highlight, .wp-block-kadence-advancedheading.kt-adv-heading_1aa716-05[data-kb-block=\"kb-adv-heading_1aa716-05\"] mark.kt-highlight{font-style:normal;color:#f76a0c;-webkit-box-decoration-break:clone;box-decoration-break:clone;padding-top:0px;padding-right:0px;padding-bottom:0px;padding-left:0px;}.wp-block-kadence-advancedheading.kt-adv-heading_1aa716-05 img.kb-inline-image, .wp-block-kadence-advancedheading.kt-adv-heading_1aa716-05[data-kb-block=\"kb-adv-heading_1aa716-05\"] img.kb-inline-image{width:150px;vertical-align:baseline;}<\/style>\n<p class=\"kt-adv-heading_1aa716-05 wp-block-kadence-advancedheading has-theme-palette-9-color has-text-color\" data-kb-block=\"kb-adv-heading_1aa716-05\">Traduzione legale a Tashkent<\/p>\n\n\n<style>.wp-block-kadence-advancedbtn.kb-btns_a290d3-6d{gap:var(--global-kb-gap-xs, 0.5rem );justify-content:center;align-items:center;}.kt-btns_a290d3-6d .kt-button{font-weight:normal;font-style:normal;}.wp-block-kadence-advancedbtn.kt-btns_a290d3-6d .kt-btn-wrap-0 .kt-button{color:#fff;font-size:18px;background:transparent;border-color:#fff;border-style:solid;}.wp-block-kadence-advancedbtn.kt-btns_a290d3-6d .kt-btn-wrap-0 .kt-button:hover, .wp-block-kadence-advancedbtn.kt-btns_a290d3-6d .kt-btn-wrap-0 .kt-button:focus{color:#fff;border-color:#008c9e;}.wp-block-kadence-advancedbtn.kt-btns_a290d3-6d .kt-btn-wrap-0 .kt-button::before{display:none;}.wp-block-kadence-advancedbtn.kt-btns_a290d3-6d .kt-btn-wrap-0 .kt-button:hover, .wp-block-kadence-advancedbtn.kt-btns_a290d3-6d .kt-btn-wrap-0 .kt-button:focus{background:#008c9e;}<\/style>\n<div class=\"wp-block-kadence-advancedbtn kt-btn-align-center kt-btn-tablet-align-inherit kt-btn-mobile-align-inherit kt-btns-wrap kt-btns_a290d3-6d\"><div class=\"kt-btn-wrap kt-btn-wrap-0\"><a class=\"kt-button button kt-btn-0-action kt-btn-size-custom kt-btn-style-basic kt-btn-svg-show-always kt-btn-has-text-true kt-btn-has-svg-false\" href=\"https:\/\/interpreter.uz\/en\/contact-us\/\" style=\"border-radius:3px;border-width:2px\"><span class=\"kt-btn-inner-text\">Contatateci<\/span><\/a><\/div><\/div>\n<\/div><\/div>\n<\/div><\/div><\/div>\n\n\n<style>#kt-layout-id_00176a-99 > .kt-row-column-wrap{align-content:start;}:where(#kt-layout-id_00176a-99 > .kt-row-column-wrap) > .wp-block-kadence-column{justify-content:start;}#kt-layout-id_00176a-99 > .kt-row-column-wrap{column-gap:var(--global-kb-gap-md, 2rem);row-gap:var(--global-kb-gap-md, 2rem);max-width:var( --global-content-width, 1290px );padding-left:var(--global-content-edge-padding);padding-right:var(--global-content-edge-padding);padding-top:var( --global-kb-row-default-top, 25px );padding-bottom:var( --global-kb-row-default-bottom, 25px );padding-top:75px;padding-bottom:75px;padding-left:0px;padding-right:0px;grid-template-columns:minmax(0, 1fr);}#kt-layout-id_00176a-99 > .kt-row-layout-overlay{opacity:0.30;}@media all and (max-width: 1024px){#kt-layout-id_00176a-99 > .kt-row-column-wrap{grid-template-columns:minmax(0, 1fr);}}@media all and (max-width: 767px){#kt-layout-id_00176a-99 > .kt-row-column-wrap{grid-template-columns:minmax(0, 1fr);}}<\/style>\n<div class=\"wp-block-kadence-rowlayout alignnone\"><div id=\"kt-layout-id_00176a-99\" class=\"kt-row-layout-inner kt-layout-id_00176a-99\"><div class=\"kt-row-column-wrap kt-has-1-columns kt-gutter-default kt-v-gutter-default kt-row-valign-top kt-row-layout-equal kt-tab-layout-inherit kt-m-colapse-left-to-right kt-mobile-layout-row kb-theme-content-width\"><style>.kadence-column_bbad1b-60 > .kt-inside-inner-col{border-top-width:0px;border-right-width:0px;border-bottom-width:0px;border-left-width:0px;}.kadence-column_bbad1b-60 > .kt-inside-inner-col,.kadence-column_bbad1b-60 > .kt-inside-inner-col:before{border-top-left-radius:0px;border-top-right-radius:0px;border-bottom-right-radius:0px;border-bottom-left-radius:0px;}.kadence-column_bbad1b-60 > .kt-inside-inner-col{column-gap:var(--global-kb-gap-sm, 1rem);}.kadence-column_bbad1b-60 > .kt-inside-inner-col{flex-direction:column;}.kadence-column_bbad1b-60 > .kt-inside-inner-col > .aligncenter{width:100%;}.kadence-column_bbad1b-60 > .kt-inside-inner-col:before{opacity:0.3;}.kadence-column_bbad1b-60{position:relative;}@media all and (max-width: 1024px){.kadence-column_bbad1b-60 > .kt-inside-inner-col{flex-direction:column;justify-content:center;}}@media all and (max-width: 767px){.kadence-column_bbad1b-60 > .kt-inside-inner-col{flex-direction:column;justify-content:center;}}<\/style>\n<div class=\"wp-block-kadence-column inner-column-1 kadence-column_bbad1b-60\"><div class=\"kt-inside-inner-col\"><style>.wp-block-kadence-advancedheading.kt-adv-heading_a04d30-3f, .wp-block-kadence-advancedheading.kt-adv-heading_a04d30-3f[data-kb-block=\"kb-adv-heading_a04d30-3f\"]{font-style:normal;}.wp-block-kadence-advancedheading.kt-adv-heading_a04d30-3f mark.kt-highlight, .wp-block-kadence-advancedheading.kt-adv-heading_a04d30-3f[data-kb-block=\"kb-adv-heading_a04d30-3f\"] mark.kt-highlight{font-style:normal;color:#f76a0c;-webkit-box-decoration-break:clone;box-decoration-break:clone;padding-top:0px;padding-right:0px;padding-bottom:0px;padding-left:0px;}.wp-block-kadence-advancedheading.kt-adv-heading_a04d30-3f img.kb-inline-image, .wp-block-kadence-advancedheading.kt-adv-heading_a04d30-3f[data-kb-block=\"kb-adv-heading_a04d30-3f\"] img.kb-inline-image{width:150px;vertical-align:baseline;}<\/style>\n<h2 class=\"kt-adv-heading_a04d30-3f wp-block-kadence-advancedheading\" data-kb-block=\"kb-adv-heading_a04d30-3f\">Traduzione legale<\/h2>\n\n\n\n<p>La traduzione legale \u00e8 la traduzione di documenti legali che regolano vari tipi di relazioni internazionali. La traduzione legale \u00e8 una delle pi\u00f9 antiche traduzioni specializzate. Considerata, inoltre, una delle pi\u00f9 difficili tipologie della traduzione, la traduzione legale richiede dal traduttore di trasmettere con precisione le informazioni contenute nel documento senza lasciare spazio ad interpretazioni ambigue; per questo, il traduttore deve essere in grado di riconoscere, identificare le realt\u00e0 della cultura legale non solo del proprio paese, ma anche del paese della lingua di arrivo. <\/p>\n<\/div><\/div>\n<\/div><\/div><\/div>\n","protected":false},"excerpt":{"rendered":"<p>Traduzione legale Traduzione legale a Tashkent Traduzione legale La traduzione legale \u00e8 la traduzione di documenti legali che regolano vari tipi di relazioni internazionali. La traduzione legale \u00e8 una delle pi\u00f9 antiche traduzioni specializzate. Considerata, inoltre, una delle pi\u00f9 difficili tipologie della traduzione, la traduzione legale richiede dal traduttore di trasmettere con precisione le informazioni&#8230;<\/p>\n","protected":false},"author":3,"featured_media":0,"parent":787,"menu_order":5,"comment_status":"closed","ping_status":"closed","template":"","meta":{"_kad_blocks_custom_css":"","_kad_blocks_head_custom_js":"","_kad_blocks_body_custom_js":"","_kad_blocks_footer_custom_js":"","_kadence_starter_templates_imported_post":false,"_kad_post_transparent":"","_kad_post_title":"","_kad_post_layout":"fullwidth","_kad_post_sidebar_id":"","_kad_post_content_style":"unboxed","_kad_post_vertical_padding":"","_kad_post_feature":"","_kad_post_feature_position":"","_kad_post_header":false,"_kad_post_footer":false,"_kad_post_classname":"","footnotes":""},"class_list":["post-821","page","type-page","status-publish","hentry"],"taxonomy_info":[],"featured_image_src_large":false,"author_info":{"display_name":"Sandjar","author_link":"https:\/\/interpreter.uz\/it\/author\/sandjar\/"},"comment_info":0,"_links":{"self":[{"href":"https:\/\/interpreter.uz\/it\/wp-json\/wp\/v2\/pages\/821","targetHints":{"allow":["GET"]}}],"collection":[{"href":"https:\/\/interpreter.uz\/it\/wp-json\/wp\/v2\/pages"}],"about":[{"href":"https:\/\/interpreter.uz\/it\/wp-json\/wp\/v2\/types\/page"}],"author":[{"embeddable":true,"href":"https:\/\/interpreter.uz\/it\/wp-json\/wp\/v2\/users\/3"}],"replies":[{"embeddable":true,"href":"https:\/\/interpreter.uz\/it\/wp-json\/wp\/v2\/comments?post=821"}],"version-history":[{"count":0,"href":"https:\/\/interpreter.uz\/it\/wp-json\/wp\/v2\/pages\/821\/revisions"}],"up":[{"embeddable":true,"href":"https:\/\/interpreter.uz\/it\/wp-json\/wp\/v2\/pages\/787"}],"wp:attachment":[{"href":"https:\/\/interpreter.uz\/it\/wp-json\/wp\/v2\/media?parent=821"}],"curies":[{"name":"wp","href":"https:\/\/api.w.org\/{rel}","templated":true}]}}