{"id":846,"date":"2021-11-30T21:56:42","date_gmt":"2021-11-30T16:56:42","guid":{"rendered":"https:\/\/interpreter.uz\/translation-and-interpreting-services\/interpretazione\/interpretazione-simultanea\/"},"modified":"2022-01-06T02:25:29","modified_gmt":"2022-01-05T21:25:29","slug":"interpretazione-simultanea","status":"publish","type":"page","link":"https:\/\/interpreter.uz\/it\/servizi\/interpretariato\/interpretazione-simultanea\/","title":{"rendered":"Interpretazione simultanea"},"content":{"rendered":"<style>#kt-layout-id_448e76-62 > .kt-row-column-wrap{align-content:center;}:where(#kt-layout-id_448e76-62 > .kt-row-column-wrap) > .wp-block-kadence-column{justify-content:center;}#kt-layout-id_448e76-62 > .kt-row-column-wrap{column-gap:var(--global-kb-gap-md, 2rem);row-gap:var(--global-kb-gap-md, 2rem);padding-top:var( --global-kb-row-default-top, 25px );padding-bottom:var( --global-kb-row-default-bottom, 25px );padding-top:100px;padding-bottom:100px;min-height:500px;grid-template-columns:minmax(0, 1fr);}#kt-layout-id_448e76-62{background-image:url('https:\/\/interpreter.uz\/wp-content\/uploads\/2021\/07\/simultaneous-interpreter-room-hero.jpg');background-size:cover;background-position:60% 54%;background-attachment:scroll;background-repeat:no-repeat;}#kt-layout-id_448e76-62 > .kt-row-layout-overlay{opacity:0.00;background-color:#00729e;mix-blend-mode:normal;}#kt-layout-id_448e76-62 .kt-row-layout-bottom-sep{height:100px;}#kt-layout-id_448e76-62 .kt-row-layout-bottom-sep svg{width:100%;}#kt-layout-id_448e76-62 .kt-row-layout-bottom-sep svg{fill:#ffffff!important;}@media all and (max-width: 1024px){#kt-layout-id_448e76-62 > .kt-row-column-wrap{grid-template-columns:minmax(0, 1fr);}}@media all and (max-width: 1024px){#kt-layout-id_448e76-62 .kt-row-layout-bottom-sep{height:px;}}@media all and (max-width: 1024px){#kt-layout-id_448e76-62 .kt-row-layout-bottom-sep svg{width:%;}}@media all and (max-width: 767px){#kt-layout-id_448e76-62 > .kt-row-column-wrap{grid-template-columns:minmax(0, 1fr);}#kt-layout-id_448e76-62 .kt-row-layout-bottom-sep{height:px;}#kt-layout-id_448e76-62 .kt-row-layout-bottom-sep svg{width:%;}}<\/style>\n<div class=\"wp-block-kadence-rowlayout alignnone\"><div id=\"kt-layout-id_448e76-62\" class=\"kt-row-layout-inner kt-row-has-bg kt-layout-id_448e76-62\"><div class=\"kt-row-layout-overlay kt-row-overlay-normal\"><\/div><div class=\"kt-row-column-wrap kt-has-1-columns kt-gutter-default kt-v-gutter-default kt-row-valign-middle kt-row-layout-equal kt-tab-layout-inherit kt-m-colapse-left-to-right kt-mobile-layout-row\"><style>.kadence-column_62dc3b-66 > .kt-inside-inner-col{border-top-width:0px;border-right-width:0px;border-bottom-width:0px;border-left-width:0px;}.kadence-column_62dc3b-66 > .kt-inside-inner-col,.kadence-column_62dc3b-66 > .kt-inside-inner-col:before{border-top-left-radius:0px;border-top-right-radius:0px;border-bottom-right-radius:0px;border-bottom-left-radius:0px;}.kadence-column_62dc3b-66 > .kt-inside-inner-col{column-gap:var(--global-kb-gap-sm, 1rem);}.kadence-column_62dc3b-66 > .kt-inside-inner-col{flex-direction:column;}.kadence-column_62dc3b-66 > .kt-inside-inner-col > .aligncenter{width:100%;}.kadence-column_62dc3b-66 > .kt-inside-inner-col:before{opacity:0.3;}.kadence-column_62dc3b-66{position:relative;}@media all and (max-width: 1024px){.kadence-column_62dc3b-66 > .kt-inside-inner-col{flex-direction:column;justify-content:center;}}@media all and (max-width: 767px){.kadence-column_62dc3b-66 > .kt-inside-inner-col{flex-direction:column;justify-content:center;}}<\/style>\n<div class=\"wp-block-kadence-column inner-column-1 kadence-column_62dc3b-66\"><div class=\"kt-inside-inner-col\"><style>.wp-block-kadence-advancedheading.kt-adv-heading_cd23cf-be, .wp-block-kadence-advancedheading.kt-adv-heading_cd23cf-be[data-kb-block=\"kb-adv-heading_cd23cf-be\"]{text-align:center;font-size:3.5em;line-height:1.5em;font-style:normal;color:#fff;}.wp-block-kadence-advancedheading.kt-adv-heading_cd23cf-be mark.kt-highlight, .wp-block-kadence-advancedheading.kt-adv-heading_cd23cf-be[data-kb-block=\"kb-adv-heading_cd23cf-be\"] mark.kt-highlight{font-style:normal;color:#f76a0c;-webkit-box-decoration-break:clone;box-decoration-break:clone;padding-top:0px;padding-right:0px;padding-bottom:0px;padding-left:0px;}.wp-block-kadence-advancedheading.kt-adv-heading_cd23cf-be img.kb-inline-image, .wp-block-kadence-advancedheading.kt-adv-heading_cd23cf-be[data-kb-block=\"kb-adv-heading_cd23cf-be\"] img.kb-inline-image{width:150px;vertical-align:baseline;}@media all and (max-width: 767px){.wp-block-kadence-advancedheading.kt-adv-heading_cd23cf-be, .wp-block-kadence-advancedheading.kt-adv-heading_cd23cf-be[data-kb-block=\"kb-adv-heading_cd23cf-be\"]{font-size:2.8em;}}<\/style>\n<h1 class=\"kt-adv-heading_cd23cf-be wp-block-kadence-advancedheading\" data-kb-block=\"kb-adv-heading_cd23cf-be\"> Interpretazione simultanea <\/h1>\n\n\n<style>.wp-block-kadence-advancedheading.kt-adv-heading_b7b99b-77, .wp-block-kadence-advancedheading.kt-adv-heading_b7b99b-77[data-kb-block=\"kb-adv-heading_b7b99b-77\"]{text-align:center;font-style:normal;}.wp-block-kadence-advancedheading.kt-adv-heading_b7b99b-77 mark.kt-highlight, .wp-block-kadence-advancedheading.kt-adv-heading_b7b99b-77[data-kb-block=\"kb-adv-heading_b7b99b-77\"] mark.kt-highlight{font-style:normal;color:#f76a0c;-webkit-box-decoration-break:clone;box-decoration-break:clone;padding-top:0px;padding-right:0px;padding-bottom:0px;padding-left:0px;}.wp-block-kadence-advancedheading.kt-adv-heading_b7b99b-77 img.kb-inline-image, .wp-block-kadence-advancedheading.kt-adv-heading_b7b99b-77[data-kb-block=\"kb-adv-heading_b7b99b-77\"] img.kb-inline-image{width:150px;vertical-align:baseline;}<\/style>\n<p class=\"kt-adv-heading_b7b99b-77 wp-block-kadence-advancedheading has-theme-palette-9-color has-text-color\" data-kb-block=\"kb-adv-heading_b7b99b-77\"> Servizi di interpretazione simultanea \u00e0 Tachkent<\/p>\n\n\n<style>.wp-block-kadence-advancedbtn.kb-btns_9a7ea2-0e{gap:var(--global-kb-gap-xs, 0.5rem );justify-content:center;align-items:center;}.kt-btns_9a7ea2-0e .kt-button{font-weight:normal;font-style:normal;}.wp-block-kadence-advancedbtn.kt-btns_9a7ea2-0e .kt-btn-wrap-0 .kt-button{color:#fff;font-size:18px;background:transparent;border-color:#fff;border-style:solid;}.wp-block-kadence-advancedbtn.kt-btns_9a7ea2-0e .kt-btn-wrap-0 .kt-button:hover, .wp-block-kadence-advancedbtn.kt-btns_9a7ea2-0e .kt-btn-wrap-0 .kt-button:focus{color:#fff;border-color:#008c9e;}.wp-block-kadence-advancedbtn.kt-btns_9a7ea2-0e .kt-btn-wrap-0 .kt-button::before{display:none;}.wp-block-kadence-advancedbtn.kt-btns_9a7ea2-0e .kt-btn-wrap-0 .kt-button:hover, .wp-block-kadence-advancedbtn.kt-btns_9a7ea2-0e .kt-btn-wrap-0 .kt-button:focus{background:#008c9e;}<\/style>\n<div class=\"wp-block-kadence-advancedbtn kt-btn-align-center kt-btn-tablet-align-inherit kt-btn-mobile-align-inherit kt-btns-wrap kt-btns_9a7ea2-0e\"><div class=\"kt-btn-wrap kt-btn-wrap-0\"><a class=\"kt-button button kt-btn-0-action kt-btn-size-custom kt-btn-style-basic kt-btn-svg-show-always kt-btn-has-text-true kt-btn-has-svg-false\" href=\"https:\/\/interpreter.uz\/en\/contact-us\/\" style=\"border-radius:3px;border-width:2px\"><span class=\"kt-btn-inner-text\">Contattaci<\/span><\/a><\/div><\/div>\n<\/div><\/div>\n<\/div><\/div><\/div>\n\n\n<style>#kt-layout-id_3dbe3f-64 > .kt-row-column-wrap{align-content:start;}:where(#kt-layout-id_3dbe3f-64 > .kt-row-column-wrap) > .wp-block-kadence-column{justify-content:start;}#kt-layout-id_3dbe3f-64 > .kt-row-column-wrap{column-gap:var(--global-kb-gap-md, 2rem);row-gap:var(--global-kb-gap-md, 2rem);max-width:var( --global-content-width, 1290px );padding-left:var(--global-content-edge-padding);padding-right:var(--global-content-edge-padding);padding-top:var( --global-kb-row-default-top, 25px );padding-bottom:var( --global-kb-row-default-bottom, 25px );padding-top:75px;padding-bottom:75px;padding-left:25px;padding-right:25px;grid-template-columns:minmax(0, 1fr);}#kt-layout-id_3dbe3f-64 > .kt-row-layout-overlay{opacity:0.30;}@media all and (max-width: 1024px){#kt-layout-id_3dbe3f-64 > .kt-row-column-wrap{grid-template-columns:minmax(0, 1fr);}}@media all and (max-width: 767px){#kt-layout-id_3dbe3f-64 > .kt-row-column-wrap{grid-template-columns:minmax(0, 1fr);}}<\/style>\n<div class=\"wp-block-kadence-rowlayout alignnone\"><div id=\"kt-layout-id_3dbe3f-64\" class=\"kt-row-layout-inner kt-layout-id_3dbe3f-64\"><div class=\"kt-row-column-wrap kt-has-1-columns kt-gutter-default kt-v-gutter-default kt-row-valign-top kt-row-layout-equal kt-tab-layout-inherit kt-m-colapse-left-to-right kt-mobile-layout-row kb-theme-content-width\"><style>.kadence-column_59195e-36 > .kt-inside-inner-col{border-top-width:0px;border-right-width:0px;border-bottom-width:0px;border-left-width:0px;}.kadence-column_59195e-36 > .kt-inside-inner-col,.kadence-column_59195e-36 > .kt-inside-inner-col:before{border-top-left-radius:0px;border-top-right-radius:0px;border-bottom-right-radius:0px;border-bottom-left-radius:0px;}.kadence-column_59195e-36 > .kt-inside-inner-col{column-gap:var(--global-kb-gap-sm, 1rem);}.kadence-column_59195e-36 > .kt-inside-inner-col{flex-direction:column;}.kadence-column_59195e-36 > .kt-inside-inner-col > .aligncenter{width:100%;}.kadence-column_59195e-36 > .kt-inside-inner-col:before{opacity:0.3;}.kadence-column_59195e-36{position:relative;}@media all and (max-width: 1024px){.kadence-column_59195e-36 > .kt-inside-inner-col{flex-direction:column;justify-content:center;}}@media all and (max-width: 767px){.kadence-column_59195e-36 > .kt-inside-inner-col{flex-direction:column;justify-content:center;}}<\/style>\n<div class=\"wp-block-kadence-column inner-column-1 kadence-column_59195e-36\"><div class=\"kt-inside-inner-col\"><style>.kb-table-of-content-nav.kb-table-of-content-id_5639c7-17 .kb-table-of-content-wrap{padding-top:var(--global-kb-spacing-sm, 1.5rem);padding-right:var(--global-kb-spacing-sm, 1.5rem);padding-bottom:var(--global-kb-spacing-sm, 1.5rem);padding-left:var(--global-kb-spacing-sm, 1.5rem);}.kb-table-of-content-nav.kb-table-of-content-id_5639c7-17 .kb-table-of-contents-title-wrap{padding-top:0px;padding-right:0px;padding-bottom:0px;padding-left:0px;}.kb-table-of-content-nav.kb-table-of-content-id_5639c7-17 .kb-table-of-contents-title{font-weight:regular;font-style:normal;}.kb-table-of-content-nav.kb-table-of-content-id_5639c7-17 .kb-table-of-content-wrap .kb-table-of-content-list{font-weight:regular;font-style:normal;margin-top:var(--global-kb-spacing-sm, 1.5rem);margin-right:0px;margin-bottom:0px;margin-left:0px;}<\/style>\n\n<style>.wp-block-kadence-advancedheading.kt-adv-heading_d9567f-76, .wp-block-kadence-advancedheading.kt-adv-heading_d9567f-76[data-kb-block=\"kb-adv-heading_d9567f-76\"]{font-style:normal;}.wp-block-kadence-advancedheading.kt-adv-heading_d9567f-76 mark.kt-highlight, .wp-block-kadence-advancedheading.kt-adv-heading_d9567f-76[data-kb-block=\"kb-adv-heading_d9567f-76\"] mark.kt-highlight{font-style:normal;color:#f76a0c;-webkit-box-decoration-break:clone;box-decoration-break:clone;padding-top:0px;padding-right:0px;padding-bottom:0px;padding-left:0px;}.wp-block-kadence-advancedheading.kt-adv-heading_d9567f-76 img.kb-inline-image, .wp-block-kadence-advancedheading.kt-adv-heading_d9567f-76[data-kb-block=\"kb-adv-heading_d9567f-76\"] img.kb-inline-image{width:150px;vertical-align:baseline;}<\/style>\n<h2 id=\"Sinhronnyj-perevod\" class=\"kt-adv-heading_d9567f-76 wp-block-kadence-advancedheading\" data-kb-block=\"kb-adv-heading_d9567f-76\">Interpretazione simultanea<\/h2>\n\n\n<style>.wp-block-kadence-advancedheading.kt-adv-heading_70c57c-aa, .wp-block-kadence-advancedheading.kt-adv-heading_70c57c-aa[data-kb-block=\"kb-adv-heading_70c57c-aa\"]{font-style:normal;}.wp-block-kadence-advancedheading.kt-adv-heading_70c57c-aa mark.kt-highlight, .wp-block-kadence-advancedheading.kt-adv-heading_70c57c-aa[data-kb-block=\"kb-adv-heading_70c57c-aa\"] mark.kt-highlight{font-style:normal;color:#f76a0c;-webkit-box-decoration-break:clone;box-decoration-break:clone;padding-top:0px;padding-right:0px;padding-bottom:0px;padding-left:0px;}.wp-block-kadence-advancedheading.kt-adv-heading_70c57c-aa img.kb-inline-image, .wp-block-kadence-advancedheading.kt-adv-heading_70c57c-aa[data-kb-block=\"kb-adv-heading_70c57c-aa\"] img.kb-inline-image{width:150px;vertical-align:baseline;}<\/style>\n<p class=\"kt-adv-heading_70c57c-aa wp-block-kadence-advancedheading\" data-kb-block=\"kb-adv-heading_70c57c-aa\">L\u2019interpretazione simultanea \u00e8 la modalit\u00e0 pi\u00f9 difficile di traduzione orale e viene eseguita quasi istantaneamente con il discorso dell&#8217;oratore: non appena l&#8217;interprete percepisce la quantit\u00e0 minima di informazioni data dall&#8217;oratore. Di solito c&#8217;\u00e8 un minimo scarto temporale o d\u00e9calage ( termine francese) di alcuni secondi tra la percezione dell&#8217;informazione e la sua riproduzione in un&#8217;altra lingua, cio\u00e8 nella lingua degli ascoltatori. <\/p>\n\n\n<style>.wp-block-kadence-advancedheading.kt-adv-heading_e2cff2-55, .wp-block-kadence-advancedheading.kt-adv-heading_e2cff2-55[data-kb-block=\"kb-adv-heading_e2cff2-55\"]{font-style:normal;}.wp-block-kadence-advancedheading.kt-adv-heading_e2cff2-55 mark.kt-highlight, .wp-block-kadence-advancedheading.kt-adv-heading_e2cff2-55[data-kb-block=\"kb-adv-heading_e2cff2-55\"] mark.kt-highlight{font-style:normal;color:#f76a0c;-webkit-box-decoration-break:clone;box-decoration-break:clone;padding-top:0px;padding-right:0px;padding-bottom:0px;padding-left:0px;}.wp-block-kadence-advancedheading.kt-adv-heading_e2cff2-55 img.kb-inline-image, .wp-block-kadence-advancedheading.kt-adv-heading_e2cff2-55[data-kb-block=\"kb-adv-heading_e2cff2-55\"] img.kb-inline-image{width:150px;vertical-align:baseline;}<\/style>\n<h2 id=\"Oborudovanie-dlja-sinhronnogo-perevoda\" class=\"kt-adv-heading_e2cff2-55 wp-block-kadence-advancedheading\" data-kb-block=\"kb-adv-heading_e2cff2-55\">Attrezzatura tecnica necessaria per l&#8217;interpretazione simultanea<\/h2>\n\n\n<style>.wp-block-kadence-advancedheading.kt-adv-heading_8c92af-44, .wp-block-kadence-advancedheading.kt-adv-heading_8c92af-44[data-kb-block=\"kb-adv-heading_8c92af-44\"]{font-style:normal;}.wp-block-kadence-advancedheading.kt-adv-heading_8c92af-44 mark.kt-highlight, .wp-block-kadence-advancedheading.kt-adv-heading_8c92af-44[data-kb-block=\"kb-adv-heading_8c92af-44\"] mark.kt-highlight{font-style:normal;color:#f76a0c;-webkit-box-decoration-break:clone;box-decoration-break:clone;padding-top:0px;padding-right:0px;padding-bottom:0px;padding-left:0px;}.wp-block-kadence-advancedheading.kt-adv-heading_8c92af-44 img.kb-inline-image, .wp-block-kadence-advancedheading.kt-adv-heading_8c92af-44[data-kb-block=\"kb-adv-heading_8c92af-44\"] img.kb-inline-image{width:150px;vertical-align:baseline;}<\/style>\n<p class=\"kt-adv-heading_8c92af-44 wp-block-kadence-advancedheading\" data-kb-block=\"kb-adv-heading_8c92af-44\"> L&#8217;interpretazione simultanea si effetua solo con l&#8217;installazione di attrezzatura speciale, attraverso la quale l&#8217;interpretazione viene proferita dalle cabine insonorizzate degli interpreti nelle cuffie degli ascoltatori. Il sistema di traduzione simultanea \u00e8 composto da consolle, cuffie e microfoni per gli interpreti, trasmettitori di segnale, ricevitori auricolari e cuffie individuali per gli ascoltatori. <\/p>\n\n\n<style>.wp-block-kadence-advancedheading.kt-adv-heading_9e6c90-92, .wp-block-kadence-advancedheading.kt-adv-heading_9e6c90-92[data-kb-block=\"kb-adv-heading_9e6c90-92\"]{font-style:normal;}.wp-block-kadence-advancedheading.kt-adv-heading_9e6c90-92 mark.kt-highlight, .wp-block-kadence-advancedheading.kt-adv-heading_9e6c90-92[data-kb-block=\"kb-adv-heading_9e6c90-92\"] mark.kt-highlight{font-style:normal;color:#f76a0c;-webkit-box-decoration-break:clone;box-decoration-break:clone;padding-top:0px;padding-right:0px;padding-bottom:0px;padding-left:0px;}.wp-block-kadence-advancedheading.kt-adv-heading_9e6c90-92 img.kb-inline-image, .wp-block-kadence-advancedheading.kt-adv-heading_9e6c90-92[data-kb-block=\"kb-adv-heading_9e6c90-92\"] img.kb-inline-image{width:150px;vertical-align:baseline;}<\/style>\n<h2 id=\"Trebovanija-k-kvalifikacii-perevodchikov-sinhronistov\" class=\"kt-adv-heading_9e6c90-92 wp-block-kadence-advancedheading\" data-kb-block=\"kb-adv-heading_9e6c90-92\">Requisiti per gli interpreti simultanei<\/h2>\n\n\n<style>.wp-block-kadence-advancedheading.kt-adv-heading_8d9ce5-6c, .wp-block-kadence-advancedheading.kt-adv-heading_8d9ce5-6c[data-kb-block=\"kb-adv-heading_8d9ce5-6c\"]{font-style:normal;}.wp-block-kadence-advancedheading.kt-adv-heading_8d9ce5-6c mark.kt-highlight, .wp-block-kadence-advancedheading.kt-adv-heading_8d9ce5-6c[data-kb-block=\"kb-adv-heading_8d9ce5-6c\"] mark.kt-highlight{font-style:normal;color:#f76a0c;-webkit-box-decoration-break:clone;box-decoration-break:clone;padding-top:0px;padding-right:0px;padding-bottom:0px;padding-left:0px;}.wp-block-kadence-advancedheading.kt-adv-heading_8d9ce5-6c img.kb-inline-image, .wp-block-kadence-advancedheading.kt-adv-heading_8d9ce5-6c[data-kb-block=\"kb-adv-heading_8d9ce5-6c\"] img.kb-inline-image{width:150px;vertical-align:baseline;}<\/style>\n<p class=\"kt-adv-heading_8d9ce5-6c wp-block-kadence-advancedheading\" data-kb-block=\"kb-adv-heading_8d9ce5-6c\">Il lavoro di un interprete simultaneo \u00e8 estremamente stressante e richiede un alto livello di formazione professionale, rapidit\u00e0 di reazione, ottima concentrazione, buona memoria, elevate prestazioni mentali e fisiche e capacit\u00e0 di rimanere calmo sotto pressione. Pertanto, per mantenere la qualit\u00e0 dell&#8217;interpretazione, gli interpreti simultanei interpretano alternandosi, sostituendosi ogni 15-20 minuti. <\/p>\n\n\n<style>.wp-block-kadence-advancedheading.kt-adv-heading_221b05-e0, .wp-block-kadence-advancedheading.kt-adv-heading_221b05-e0[data-kb-block=\"kb-adv-heading_221b05-e0\"]{font-style:normal;}.wp-block-kadence-advancedheading.kt-adv-heading_221b05-e0 mark.kt-highlight, .wp-block-kadence-advancedheading.kt-adv-heading_221b05-e0[data-kb-block=\"kb-adv-heading_221b05-e0\"] mark.kt-highlight{font-style:normal;color:#f76a0c;-webkit-box-decoration-break:clone;box-decoration-break:clone;padding-top:0px;padding-right:0px;padding-bottom:0px;padding-left:0px;}.wp-block-kadence-advancedheading.kt-adv-heading_221b05-e0 img.kb-inline-image, .wp-block-kadence-advancedheading.kt-adv-heading_221b05-e0[data-kb-block=\"kb-adv-heading_221b05-e0\"] img.kb-inline-image{width:150px;vertical-align:baseline;}<\/style>\n<h2 id=\"Oblasti-primenenija-sinhronnogo-perevoda\" class=\"kt-adv-heading_221b05-e0 wp-block-kadence-advancedheading\" data-kb-block=\"kb-adv-heading_221b05-e0\">Ambiti di aplicazione dell&#8217;interpretazione simultanea<\/h2>\n\n\n<style>.wp-block-kadence-advancedheading.kt-adv-heading_5b4079-ac, .wp-block-kadence-advancedheading.kt-adv-heading_5b4079-ac[data-kb-block=\"kb-adv-heading_5b4079-ac\"]{font-style:normal;}.wp-block-kadence-advancedheading.kt-adv-heading_5b4079-ac mark.kt-highlight, .wp-block-kadence-advancedheading.kt-adv-heading_5b4079-ac[data-kb-block=\"kb-adv-heading_5b4079-ac\"] mark.kt-highlight{font-style:normal;color:#f76a0c;-webkit-box-decoration-break:clone;box-decoration-break:clone;padding-top:0px;padding-right:0px;padding-bottom:0px;padding-left:0px;}.wp-block-kadence-advancedheading.kt-adv-heading_5b4079-ac img.kb-inline-image, .wp-block-kadence-advancedheading.kt-adv-heading_5b4079-ac[data-kb-block=\"kb-adv-heading_5b4079-ac\"] img.kb-inline-image{width:150px;vertical-align:baseline;}<\/style>\n<p class=\"kt-adv-heading_5b4079-ac wp-block-kadence-advancedheading\" data-kb-block=\"kb-adv-heading_5b4079-ac\">I servizi di interpreti simultanei a <strong>Tashkent<\/strong> sono richiesti sia per lo svolgimento ottimale di conferenze internazionali, vertici, forum e altri eventi ufficiali su larga scala, sia per riunioni d&#8217;affari destinate a cerchia ristretta di persone.<\/p>\n\n\n<style>.wp-block-kadence-advancedheading.kt-adv-heading_1fa1cd-56, .wp-block-kadence-advancedheading.kt-adv-heading_1fa1cd-56[data-kb-block=\"kb-adv-heading_1fa1cd-56\"]{font-style:normal;}.wp-block-kadence-advancedheading.kt-adv-heading_1fa1cd-56 mark.kt-highlight, .wp-block-kadence-advancedheading.kt-adv-heading_1fa1cd-56[data-kb-block=\"kb-adv-heading_1fa1cd-56\"] mark.kt-highlight{font-style:normal;color:#f76a0c;-webkit-box-decoration-break:clone;box-decoration-break:clone;padding-top:0px;padding-right:0px;padding-bottom:0px;padding-left:0px;}.wp-block-kadence-advancedheading.kt-adv-heading_1fa1cd-56 img.kb-inline-image, .wp-block-kadence-advancedheading.kt-adv-heading_1fa1cd-56[data-kb-block=\"kb-adv-heading_1fa1cd-56\"] img.kb-inline-image{width:150px;vertical-align:baseline;}<\/style>\n<h2 id=\"Nasheptyvanie-ili-\u201cshushotazh\u201d.\" class=\"kt-adv-heading_1fa1cd-56 wp-block-kadence-advancedheading\" data-kb-block=\"kb-adv-heading_1fa1cd-56\">Interpretazione sussurrata o chuchotage.<\/h2>\n\n\n<style>.wp-block-kadence-advancedheading.kt-adv-heading_5e7971-f7, .wp-block-kadence-advancedheading.kt-adv-heading_5e7971-f7[data-kb-block=\"kb-adv-heading_5e7971-f7\"]{font-style:normal;}.wp-block-kadence-advancedheading.kt-adv-heading_5e7971-f7 mark.kt-highlight, .wp-block-kadence-advancedheading.kt-adv-heading_5e7971-f7[data-kb-block=\"kb-adv-heading_5e7971-f7\"] mark.kt-highlight{font-style:normal;color:#f76a0c;-webkit-box-decoration-break:clone;box-decoration-break:clone;padding-top:0px;padding-right:0px;padding-bottom:0px;padding-left:0px;}.wp-block-kadence-advancedheading.kt-adv-heading_5e7971-f7 img.kb-inline-image, .wp-block-kadence-advancedheading.kt-adv-heading_5e7971-f7[data-kb-block=\"kb-adv-heading_5e7971-f7\"] img.kb-inline-image{width:150px;vertical-align:baseline;}<\/style>\n<p class=\"kt-adv-heading_5e7971-f7 wp-block-kadence-advancedheading\" data-kb-block=\"kb-adv-heading_5e7971-f7\">Interpretazione sussurrata o chuchotage (termine francese) \u00e8 un tipo di interpretazione simultanea in cui l&#8217;interprete si trova seduto o in piedi con gli ascoltatori e interpreta il discorso dell&#8217;oratore sussurrando il messaggio all&#8217;orecchio dei clienti. Per questa modalit\u00e0 di traduzione simultanea l&#8217;installazione di un sistema di traduzione simultanea non \u00e8 richiesta, ma \u00e8 possibile utilizzare apparecchi radio mobili con microfono e cuffie. <\/p>\n<\/div><\/div>\n<\/div><\/div><\/div>\n","protected":false},"excerpt":{"rendered":"<p>Interpretazione simultanea Servizi di interpretazione simultanea \u00e0 Tachkent Interpretazione simultanea L\u2019interpretazione simultanea \u00e8 la modalit\u00e0 pi\u00f9 difficile di traduzione orale e viene eseguita quasi istantaneamente con il discorso dell&#8217;oratore: non appena l&#8217;interprete percepisce la quantit\u00e0 minima di informazioni data dall&#8217;oratore. Di solito c&#8217;\u00e8 un minimo scarto temporale o d\u00e9calage ( termine francese) di alcuni secondi&#8230;<\/p>\n","protected":false},"author":3,"featured_media":1428,"parent":743,"menu_order":1,"comment_status":"closed","ping_status":"closed","template":"","meta":{"_kad_blocks_custom_css":"","_kad_blocks_head_custom_js":"","_kad_blocks_body_custom_js":"","_kad_blocks_footer_custom_js":"","_kadence_starter_templates_imported_post":false,"_kad_post_transparent":"","_kad_post_title":"","_kad_post_layout":"fullwidth","_kad_post_sidebar_id":"","_kad_post_content_style":"","_kad_post_vertical_padding":"","_kad_post_feature":"","_kad_post_feature_position":"","_kad_post_header":false,"_kad_post_footer":false,"_kad_post_classname":"","footnotes":""},"class_list":["post-846","page","type-page","status-publish","has-post-thumbnail","hentry"],"taxonomy_info":[],"featured_image_src_large":["https:\/\/interpreter.uz\/wp-content\/uploads\/2021\/12\/simultaneous-interpretation-1-1024x576.webp",1024,576,true],"author_info":{"display_name":"Sandjar","author_link":"https:\/\/interpreter.uz\/it\/author\/sandjar\/"},"comment_info":0,"_links":{"self":[{"href":"https:\/\/interpreter.uz\/it\/wp-json\/wp\/v2\/pages\/846","targetHints":{"allow":["GET"]}}],"collection":[{"href":"https:\/\/interpreter.uz\/it\/wp-json\/wp\/v2\/pages"}],"about":[{"href":"https:\/\/interpreter.uz\/it\/wp-json\/wp\/v2\/types\/page"}],"author":[{"embeddable":true,"href":"https:\/\/interpreter.uz\/it\/wp-json\/wp\/v2\/users\/3"}],"replies":[{"embeddable":true,"href":"https:\/\/interpreter.uz\/it\/wp-json\/wp\/v2\/comments?post=846"}],"version-history":[{"count":0,"href":"https:\/\/interpreter.uz\/it\/wp-json\/wp\/v2\/pages\/846\/revisions"}],"up":[{"embeddable":true,"href":"https:\/\/interpreter.uz\/it\/wp-json\/wp\/v2\/pages\/743"}],"wp:featuredmedia":[{"embeddable":true,"href":"https:\/\/interpreter.uz\/it\/wp-json\/wp\/v2\/media\/1428"}],"wp:attachment":[{"href":"https:\/\/interpreter.uz\/it\/wp-json\/wp\/v2\/media?parent=846"}],"curies":[{"name":"wp","href":"https:\/\/api.w.org\/{rel}","templated":true}]}}